{"id":269459,"date":"2024-09-29T14:06:06","date_gmt":"2024-09-29T14:06:06","guid":{"rendered":"https:\/\/irankiuzona.lt\/product\/irankiu-deze-moduline-3\/"},"modified":"2026-04-12T11:14:11","modified_gmt":"2026-04-12T11:14:11","slug":"irankiu-deze-moduline-3","status":"publish","type":"product","link":"https:\/\/irankiuzona.lt\/ru\/product\/irankiu-deze-moduline-3\/","title":{"rendered":"\u012eranki\u0173 d\u0117\u017e\u0117, modulin\u0117"},"content":{"rendered":"<p>su 4 i\u0161imamais d\u0117klais, optimizuojan\u010diais erdv\u0119;<br \/>\napsauga nuo potvyni\u0173 ir dulki\u0173;<br \/>\nkorpusas pagamintas i\u0161 polimer\u0173, u\u017etikrina didesn\u012f atsparum\u0105 mechaniniams pa\u017eeidimams;<br \/>\nsuderinamas su kitais modulin\u0117s \u012franki\u0173 d\u0117\u017e\u0117s sistemos elementais.<\/p>","protected":false},"excerpt":{"rendered":"<p>\u012eranki\u0173 d\u0117\u017e\u0117, modulin\u0117<\/p>","protected":false},"featured_media":269461,"comment_status":"open","ping_status":"open","template":"","meta":[],"product_cat":[10064],"product_tag":[9969],"class_list":{"0":"post-269459","1":"product","2":"type-product","3":"status-publish","4":"has-post-thumbnail","6":"product_brand-hogert-technik-vokietija","7":"product_cat-irankiu-dezes-su-ratukais","8":"product_tag-hogert-technik-vokietija","10":"first","11":"instock","12":"purchasable","13":"product-type-simple"},"jetpack_sharing_enabled":true,"_links":{"self":[{"href":"https:\/\/irankiuzona.lt\/ru\/wp-json\/wp\/v2\/product\/269459","targetHints":{"allow":["GET"]}}],"collection":[{"href":"https:\/\/irankiuzona.lt\/ru\/wp-json\/wp\/v2\/product"}],"about":[{"href":"https:\/\/irankiuzona.lt\/ru\/wp-json\/wp\/v2\/types\/product"}],"replies":[{"embeddable":true,"href":"https:\/\/irankiuzona.lt\/ru\/wp-json\/wp\/v2\/comments?post=269459"}],"version-history":[{"count":1,"href":"https:\/\/irankiuzona.lt\/ru\/wp-json\/wp\/v2\/product\/269459\/revisions"}],"predecessor-version":[{"id":424991,"href":"https:\/\/irankiuzona.lt\/ru\/wp-json\/wp\/v2\/product\/269459\/revisions\/424991"}],"wp:featuredmedia":[{"embeddable":true,"href":"https:\/\/irankiuzona.lt\/ru\/wp-json\/wp\/v2\/media\/269461"}],"wp:attachment":[{"href":"https:\/\/irankiuzona.lt\/ru\/wp-json\/wp\/v2\/media?parent=269459"}],"wp:term":[{"taxonomy":"product_cat","embeddable":true,"href":"https:\/\/irankiuzona.lt\/ru\/wp-json\/wp\/v2\/product_cat?post=269459"},{"taxonomy":"product_tag","embeddable":true,"href":"https:\/\/irankiuzona.lt\/ru\/wp-json\/wp\/v2\/product_tag?post=269459"}],"curies":[{"name":"wp","href":"https:\/\/api.w.org\/{rel}","templated":true}]}}