{"id":269465,"date":"2024-09-29T14:06:07","date_gmt":"2024-09-29T14:06:07","guid":{"rendered":"https:\/\/irankiuzona.lt\/product\/irankiu-deze-moduline-4\/"},"modified":"2026-04-12T11:14:12","modified_gmt":"2026-04-12T11:14:12","slug":"irankiu-deze-moduline-4","status":"publish","type":"product","link":"https:\/\/irankiuzona.lt\/ru\/product\/irankiu-deze-moduline-4\/","title":{"rendered":"\u012eranki\u0173 d\u0117\u017e\u0117, modulin\u0117"},"content":{"rendered":"<p>apkrova iki 50 kg;<br \/>\npatvarios tvirtinimo detal\u0117s i\u0161 ABS;<br \/>\nnuimami organizatoriai optimizuoja naudojam\u0105 erdv\u0119;<br \/>\nrankena dangtelyje, kad b\u016bt\u0173 lengva ne\u0161iotis;<br \/>\nsuderinamas su kitomis modulin\u0117s \u012franki\u0173 d\u0117\u017e\u0117s d\u0117\u017e\u0117mis<\/p>","protected":false},"excerpt":{"rendered":"<p>\u012eranki\u0173 d\u0117\u017e\u0117, modulin\u0117<\/p>","protected":false},"featured_media":269467,"comment_status":"open","ping_status":"open","template":"","meta":[],"product_cat":[10064],"product_tag":[9969],"class_list":{"0":"post-269465","1":"product","2":"type-product","3":"status-publish","4":"has-post-thumbnail","6":"product_brand-hogert-technik-vokietija","7":"product_cat-irankiu-dezes-su-ratukais","8":"product_tag-hogert-technik-vokietija","10":"first","11":"instock","12":"purchasable","13":"product-type-simple"},"jetpack_sharing_enabled":true,"_links":{"self":[{"href":"https:\/\/irankiuzona.lt\/ru\/wp-json\/wp\/v2\/product\/269465","targetHints":{"allow":["GET"]}}],"collection":[{"href":"https:\/\/irankiuzona.lt\/ru\/wp-json\/wp\/v2\/product"}],"about":[{"href":"https:\/\/irankiuzona.lt\/ru\/wp-json\/wp\/v2\/types\/product"}],"replies":[{"embeddable":true,"href":"https:\/\/irankiuzona.lt\/ru\/wp-json\/wp\/v2\/comments?post=269465"}],"version-history":[{"count":1,"href":"https:\/\/irankiuzona.lt\/ru\/wp-json\/wp\/v2\/product\/269465\/revisions"}],"predecessor-version":[{"id":424993,"href":"https:\/\/irankiuzona.lt\/ru\/wp-json\/wp\/v2\/product\/269465\/revisions\/424993"}],"wp:featuredmedia":[{"embeddable":true,"href":"https:\/\/irankiuzona.lt\/ru\/wp-json\/wp\/v2\/media\/269467"}],"wp:attachment":[{"href":"https:\/\/irankiuzona.lt\/ru\/wp-json\/wp\/v2\/media?parent=269465"}],"wp:term":[{"taxonomy":"product_cat","embeddable":true,"href":"https:\/\/irankiuzona.lt\/ru\/wp-json\/wp\/v2\/product_cat?post=269465"},{"taxonomy":"product_tag","embeddable":true,"href":"https:\/\/irankiuzona.lt\/ru\/wp-json\/wp\/v2\/product_tag?post=269465"}],"curies":[{"name":"wp","href":"https:\/\/api.w.org\/{rel}","templated":true}]}}