{"id":269471,"date":"2024-09-29T14:06:07","date_gmt":"2024-09-29T14:06:07","guid":{"rendered":"https:\/\/irankiuzona.lt\/product\/irankiu-deze-moduline-5\/"},"modified":"2026-04-12T11:14:13","modified_gmt":"2026-04-12T11:14:13","slug":"irankiu-deze-moduline-5","status":"publish","type":"product","link":"https:\/\/irankiuzona.lt\/ru\/product\/irankiu-deze-moduline-5\/","title":{"rendered":"\u012eranki\u0173 d\u0117\u017e\u0117, modulin\u0117"},"content":{"rendered":"<p>5 i\u0161imami d\u0117klai ir 1 ma\u017eas organizatorius optimizuojantis erdv\u0119;<br \/>\ndviej\u0173 komponent\u0173 ratai i\u0161 ABS ir elastomero;<br \/>\nnugaroje yra rankena, kad b\u016bt\u0173 lengviau ne\u0161iotis;<br \/>\nsuderinamas su kitomis d\u0117\u017e\u0117mis;<br \/>\nsu metaliniais vyriais;<br \/>\nkorpusas pagamintas i\u0161 polimer\u0173;<br \/>\ndangtis pagamintas i\u0161 polikarbonato, u\u017etikrina naudojimo patvarum\u0105;<br \/>\nsuderinamas su kitais modulin\u0117s \u012franki\u0173 d\u0117\u017e\u0117s sistemos elementais.<\/p>","protected":false},"excerpt":{"rendered":"<p>\u012eranki\u0173 d\u0117\u017e\u0117, modulin\u0117<\/p>","protected":false},"featured_media":269473,"comment_status":"open","ping_status":"open","template":"","meta":[],"product_cat":[10064],"product_tag":[9969],"class_list":{"0":"post-269471","1":"product","2":"type-product","3":"status-publish","4":"has-post-thumbnail","6":"product_brand-hogert-technik-vokietija","7":"product_cat-irankiu-dezes-su-ratukais","8":"product_tag-hogert-technik-vokietija","10":"first","11":"instock","12":"purchasable","13":"product-type-simple"},"jetpack_sharing_enabled":true,"_links":{"self":[{"href":"https:\/\/irankiuzona.lt\/ru\/wp-json\/wp\/v2\/product\/269471","targetHints":{"allow":["GET"]}}],"collection":[{"href":"https:\/\/irankiuzona.lt\/ru\/wp-json\/wp\/v2\/product"}],"about":[{"href":"https:\/\/irankiuzona.lt\/ru\/wp-json\/wp\/v2\/types\/product"}],"replies":[{"embeddable":true,"href":"https:\/\/irankiuzona.lt\/ru\/wp-json\/wp\/v2\/comments?post=269471"}],"version-history":[{"count":1,"href":"https:\/\/irankiuzona.lt\/ru\/wp-json\/wp\/v2\/product\/269471\/revisions"}],"predecessor-version":[{"id":424995,"href":"https:\/\/irankiuzona.lt\/ru\/wp-json\/wp\/v2\/product\/269471\/revisions\/424995"}],"wp:featuredmedia":[{"embeddable":true,"href":"https:\/\/irankiuzona.lt\/ru\/wp-json\/wp\/v2\/media\/269473"}],"wp:attachment":[{"href":"https:\/\/irankiuzona.lt\/ru\/wp-json\/wp\/v2\/media?parent=269471"}],"wp:term":[{"taxonomy":"product_cat","embeddable":true,"href":"https:\/\/irankiuzona.lt\/ru\/wp-json\/wp\/v2\/product_cat?post=269471"},{"taxonomy":"product_tag","embeddable":true,"href":"https:\/\/irankiuzona.lt\/ru\/wp-json\/wp\/v2\/product_tag?post=269471"}],"curies":[{"name":"wp","href":"https:\/\/api.w.org\/{rel}","templated":true}]}}