{"id":269474,"date":"2024-09-29T14:06:07","date_gmt":"2024-09-29T14:06:07","guid":{"rendered":"https:\/\/irankiuzona.lt\/product\/irankiu-deze-moduline-6\/"},"modified":"2026-04-12T11:14:13","modified_gmt":"2026-04-12T11:14:13","slug":"irankiu-deze-moduline-6","status":"publish","type":"product","link":"https:\/\/irankiuzona.lt\/ru\/product\/irankiu-deze-moduline-6\/","title":{"rendered":"\u012eranki\u0173 d\u0117\u017e\u0117, modulin\u0117"},"content":{"rendered":"<p>4 vienodo dyd\u017eio i\u0161imami d\u0117klai, 1 didesnis d\u0117klas su 3 funkciniais skyreliais;<br \/>\napsauga nuo potvyni\u0173 ir dulki\u0173;<br \/>\nkorpusas pagamintas i\u0161 polimer\u0173, u\u017etikrina didesn\u012f atsparum\u0105 mechaniniams pa\u017eeidimams;<br \/>\nsuderinamas su kitais modulin\u0117s \u012franki\u0173 d\u0117\u017e\u0117s sistemos elementais.<\/p>","protected":false},"excerpt":{"rendered":"<p>\u012eranki\u0173 d\u0117\u017e\u0117, modulin\u0117<\/p>","protected":false},"featured_media":269476,"comment_status":"open","ping_status":"open","template":"","meta":[],"product_cat":[10064],"product_tag":[9969],"class_list":{"0":"post-269474","1":"product","2":"type-product","3":"status-publish","4":"has-post-thumbnail","6":"product_brand-hogert-technik-vokietija","7":"product_cat-irankiu-dezes-su-ratukais","8":"product_tag-hogert-technik-vokietija","10":"first","11":"instock","12":"purchasable","13":"product-type-simple"},"jetpack_sharing_enabled":true,"_links":{"self":[{"href":"https:\/\/irankiuzona.lt\/ru\/wp-json\/wp\/v2\/product\/269474","targetHints":{"allow":["GET"]}}],"collection":[{"href":"https:\/\/irankiuzona.lt\/ru\/wp-json\/wp\/v2\/product"}],"about":[{"href":"https:\/\/irankiuzona.lt\/ru\/wp-json\/wp\/v2\/types\/product"}],"replies":[{"embeddable":true,"href":"https:\/\/irankiuzona.lt\/ru\/wp-json\/wp\/v2\/comments?post=269474"}],"version-history":[{"count":1,"href":"https:\/\/irankiuzona.lt\/ru\/wp-json\/wp\/v2\/product\/269474\/revisions"}],"predecessor-version":[{"id":424997,"href":"https:\/\/irankiuzona.lt\/ru\/wp-json\/wp\/v2\/product\/269474\/revisions\/424997"}],"wp:featuredmedia":[{"embeddable":true,"href":"https:\/\/irankiuzona.lt\/ru\/wp-json\/wp\/v2\/media\/269476"}],"wp:attachment":[{"href":"https:\/\/irankiuzona.lt\/ru\/wp-json\/wp\/v2\/media?parent=269474"}],"wp:term":[{"taxonomy":"product_cat","embeddable":true,"href":"https:\/\/irankiuzona.lt\/ru\/wp-json\/wp\/v2\/product_cat?post=269474"},{"taxonomy":"product_tag","embeddable":true,"href":"https:\/\/irankiuzona.lt\/ru\/wp-json\/wp\/v2\/product_tag?post=269474"}],"curies":[{"name":"wp","href":"https:\/\/api.w.org\/{rel}","templated":true}]}}