{"id":269531,"date":"2024-09-29T14:06:13","date_gmt":"2024-09-29T14:06:13","guid":{"rendered":"https:\/\/irankiuzona.lt\/product\/terksle-1-2-24dantu-250mm-crmo\/"},"modified":"2026-05-15T07:38:25","modified_gmt":"2026-05-15T07:38:25","slug":"terksle-1-2-24dantu-250mm-crmo","status":"publish","type":"product","link":"https:\/\/irankiuzona.lt\/ru\/product\/terksle-1-2-24dantu-250mm-crmo\/","title":{"rendered":"Terk\u0161l\u0117 1\/2&#8221; 24dant\u0173 250mm (CrMo)"},"content":{"rendered":"<p>Ilgis: 250mm24 dant\u0173 terk\u0161linis mechanizmas<\/p>","protected":false},"excerpt":{"rendered":"<p>Terk\u0161l\u0117 1\/2 24dantuk\u0173 mechanizmu, 250mm ilgio, Cr-Mo<\/p>","protected":false},"featured_media":269533,"comment_status":"open","ping_status":"open","template":"","meta":[],"product_cat":[9507],"product_tag":[10151],"class_list":{"0":"post-269531","1":"product","2":"type-product","3":"status-publish","4":"has-post-thumbnail","6":"product_brand-lenkija-tiekejas","7":"product_cat-terksles-galvutems","8":"product_tag-lenkija-tiekejas","10":"first","11":"instock","12":"purchasable","13":"product-type-simple"},"jetpack_sharing_enabled":true,"_links":{"self":[{"href":"https:\/\/irankiuzona.lt\/ru\/wp-json\/wp\/v2\/product\/269531","targetHints":{"allow":["GET"]}}],"collection":[{"href":"https:\/\/irankiuzona.lt\/ru\/wp-json\/wp\/v2\/product"}],"about":[{"href":"https:\/\/irankiuzona.lt\/ru\/wp-json\/wp\/v2\/types\/product"}],"replies":[{"embeddable":true,"href":"https:\/\/irankiuzona.lt\/ru\/wp-json\/wp\/v2\/comments?post=269531"}],"version-history":[{"count":1,"href":"https:\/\/irankiuzona.lt\/ru\/wp-json\/wp\/v2\/product\/269531\/revisions"}],"predecessor-version":[{"id":425020,"href":"https:\/\/irankiuzona.lt\/ru\/wp-json\/wp\/v2\/product\/269531\/revisions\/425020"}],"wp:featuredmedia":[{"embeddable":true,"href":"https:\/\/irankiuzona.lt\/ru\/wp-json\/wp\/v2\/media\/269533"}],"wp:attachment":[{"href":"https:\/\/irankiuzona.lt\/ru\/wp-json\/wp\/v2\/media?parent=269531"}],"wp:term":[{"taxonomy":"product_cat","embeddable":true,"href":"https:\/\/irankiuzona.lt\/ru\/wp-json\/wp\/v2\/product_cat?post=269531"},{"taxonomy":"product_tag","embeddable":true,"href":"https:\/\/irankiuzona.lt\/ru\/wp-json\/wp\/v2\/product_tag?post=269531"}],"curies":[{"name":"wp","href":"https:\/\/api.w.org\/{rel}","templated":true}]}}