{"id":269561,"date":"2024-09-29T14:06:14","date_gmt":"2024-09-29T14:06:14","guid":{"rendered":"https:\/\/irankiuzona.lt\/product\/deze-irankiams-19-480x255x230-mm\/"},"modified":"2026-04-12T00:27:02","modified_gmt":"2026-04-12T00:27:02","slug":"deze-irankiams-19-480x255x230-mm","status":"publish","type":"product","link":"https:\/\/irankiuzona.lt\/ru\/product\/deze-irankiams-19-480x255x230-mm\/","title":{"rendered":"D\u0117\u017e\u0117 \u012frankiams 19&quot; 480x255x230 mm"},"content":{"rendered":"","protected":false},"excerpt":{"rendered":"","protected":false},"featured_media":269563,"comment_status":"open","ping_status":"open","template":"","meta":[],"product_cat":[9976],"product_tag":[10151],"class_list":{"0":"post-269561","1":"product","2":"type-product","3":"status-publish","4":"has-post-thumbnail","6":"product_brand-lenkija-tiekejas","7":"product_cat-katalogas","8":"product_tag-lenkija-tiekejas","10":"first","11":"instock","12":"purchasable","13":"product-type-simple"},"jetpack_sharing_enabled":true,"_links":{"self":[{"href":"https:\/\/irankiuzona.lt\/ru\/wp-json\/wp\/v2\/product\/269561","targetHints":{"allow":["GET"]}}],"collection":[{"href":"https:\/\/irankiuzona.lt\/ru\/wp-json\/wp\/v2\/product"}],"about":[{"href":"https:\/\/irankiuzona.lt\/ru\/wp-json\/wp\/v2\/types\/product"}],"replies":[{"embeddable":true,"href":"https:\/\/irankiuzona.lt\/ru\/wp-json\/wp\/v2\/comments?post=269561"}],"version-history":[{"count":1,"href":"https:\/\/irankiuzona.lt\/ru\/wp-json\/wp\/v2\/product\/269561\/revisions"}],"predecessor-version":[{"id":425033,"href":"https:\/\/irankiuzona.lt\/ru\/wp-json\/wp\/v2\/product\/269561\/revisions\/425033"}],"wp:featuredmedia":[{"embeddable":true,"href":"https:\/\/irankiuzona.lt\/ru\/wp-json\/wp\/v2\/media\/269563"}],"wp:attachment":[{"href":"https:\/\/irankiuzona.lt\/ru\/wp-json\/wp\/v2\/media?parent=269561"}],"wp:term":[{"taxonomy":"product_cat","embeddable":true,"href":"https:\/\/irankiuzona.lt\/ru\/wp-json\/wp\/v2\/product_cat?post=269561"},{"taxonomy":"product_tag","embeddable":true,"href":"https:\/\/irankiuzona.lt\/ru\/wp-json\/wp\/v2\/product_tag?post=269561"}],"curies":[{"name":"wp","href":"https:\/\/api.w.org\/{rel}","templated":true}]}}