{"id":269564,"date":"2024-09-29T14:06:14","date_gmt":"2024-09-29T14:06:14","guid":{"rendered":"https:\/\/irankiuzona.lt\/product\/pneumo-hidrauline-pompa-kojine\/"},"modified":"2026-04-12T02:07:24","modified_gmt":"2026-04-12T02:07:24","slug":"pneumo-hidrauline-pompa-kojine","status":"publish","type":"product","link":"https:\/\/irankiuzona.lt\/ru\/product\/pneumo-hidrauline-pompa-kojine\/","title":{"rendered":"Pneumo-hidraulin\u0117 pompa kojin\u0117"},"content":{"rendered":"<p>Siurblio kameros t\u016bris 3,2 lDarbinis sl\u0117gis 6-10barMaksimalus hidraulinis sl\u0117gis 700barSrauto greitis be apkrovos 850ml\/minSrauto greitis su apkrova 170ml\/min<\/p>","protected":false},"excerpt":{"rendered":"<p>Pneumo-hidraulin\u0117 pompa kojin\u0117<\/p>","protected":false},"featured_media":269566,"comment_status":"open","ping_status":"open","template":"","meta":[],"product_cat":[9937],"product_tag":[10151],"class_list":{"0":"post-269564","1":"product","2":"type-product","3":"status-publish","4":"has-post-thumbnail","6":"product_brand-lenkija-tiekejas","7":"product_cat-hidraulines-pompos","8":"product_tag-lenkija-tiekejas","10":"first","11":"outofstock","12":"purchasable","13":"product-type-simple"},"jetpack_sharing_enabled":true,"_links":{"self":[{"href":"https:\/\/irankiuzona.lt\/ru\/wp-json\/wp\/v2\/product\/269564","targetHints":{"allow":["GET"]}}],"collection":[{"href":"https:\/\/irankiuzona.lt\/ru\/wp-json\/wp\/v2\/product"}],"about":[{"href":"https:\/\/irankiuzona.lt\/ru\/wp-json\/wp\/v2\/types\/product"}],"replies":[{"embeddable":true,"href":"https:\/\/irankiuzona.lt\/ru\/wp-json\/wp\/v2\/comments?post=269564"}],"version-history":[{"count":1,"href":"https:\/\/irankiuzona.lt\/ru\/wp-json\/wp\/v2\/product\/269564\/revisions"}],"predecessor-version":[{"id":425034,"href":"https:\/\/irankiuzona.lt\/ru\/wp-json\/wp\/v2\/product\/269564\/revisions\/425034"}],"wp:featuredmedia":[{"embeddable":true,"href":"https:\/\/irankiuzona.lt\/ru\/wp-json\/wp\/v2\/media\/269566"}],"wp:attachment":[{"href":"https:\/\/irankiuzona.lt\/ru\/wp-json\/wp\/v2\/media?parent=269564"}],"wp:term":[{"taxonomy":"product_cat","embeddable":true,"href":"https:\/\/irankiuzona.lt\/ru\/wp-json\/wp\/v2\/product_cat?post=269564"},{"taxonomy":"product_tag","embeddable":true,"href":"https:\/\/irankiuzona.lt\/ru\/wp-json\/wp\/v2\/product_tag?post=269564"}],"curies":[{"name":"wp","href":"https:\/\/api.w.org\/{rel}","templated":true}]}}