{"id":269582,"date":"2024-09-29T14:06:15","date_gmt":"2024-09-29T14:06:15","guid":{"rendered":"https:\/\/irankiuzona.lt\/product\/hidraulinis-presas-30tonu-su-kojine-pavara-profi\/"},"modified":"2026-02-13T13:20:49","modified_gmt":"2026-02-13T13:20:49","slug":"hidraulinis-presas-30tonu-su-kojine-pavara-profi","status":"publish","type":"product","link":"https:\/\/irankiuzona.lt\/ru\/product\/hidraulinis-presas-30tonu-su-kojine-pavara-profi\/","title":{"rendered":"Hidraulinis presas 30ton\u0173 su kojine pavara PROFI"},"content":{"rendered":"<p>30T hidraulinis presas su kojine pompa PROFI 30022<br \/>\nGalia: 30000kgPavara kojin\u0117\/rankin\u0117 &#8211; du grei\u010diaiSurenkama konstrukcijaKei\u010diama st\u016bmoklio pozicija St\u016bmoklio eiga: 180mmBendras auk\u0161tis 1850mmBendras plotis: 850mmDarbin\u0117s zonos gylis 250mmDarbin\u0117s zonos auk\u0161tis:0-960mmDarbin\u0117s zonos plotis: 700mmPakuot\u0117s matmenys: 1750x360x250mmSvoris N.W.: 135.0kgSvoris G.W.: 140.0kgSpalva RAL GREY 7016 + RED 5001<\/p>","protected":false},"excerpt":{"rendered":"<p>Hidraulinis presas 30ton\u0173 su kojine pavara PROFI<\/p>","protected":false},"featured_media":269584,"comment_status":"open","ping_status":"open","template":"","meta":[],"product_cat":[9946],"product_tag":[],"class_list":{"0":"post-269582","1":"product","2":"type-product","3":"status-publish","4":"has-post-thumbnail","6":"product_cat-hidrauliniai-presai","8":"first","9":"outofstock","10":"purchasable","11":"product-type-simple"},"jetpack_sharing_enabled":true,"_links":{"self":[{"href":"https:\/\/irankiuzona.lt\/ru\/wp-json\/wp\/v2\/product\/269582","targetHints":{"allow":["GET"]}}],"collection":[{"href":"https:\/\/irankiuzona.lt\/ru\/wp-json\/wp\/v2\/product"}],"about":[{"href":"https:\/\/irankiuzona.lt\/ru\/wp-json\/wp\/v2\/types\/product"}],"replies":[{"embeddable":true,"href":"https:\/\/irankiuzona.lt\/ru\/wp-json\/wp\/v2\/comments?post=269582"}],"version-history":[{"count":1,"href":"https:\/\/irankiuzona.lt\/ru\/wp-json\/wp\/v2\/product\/269582\/revisions"}],"predecessor-version":[{"id":425038,"href":"https:\/\/irankiuzona.lt\/ru\/wp-json\/wp\/v2\/product\/269582\/revisions\/425038"}],"wp:featuredmedia":[{"embeddable":true,"href":"https:\/\/irankiuzona.lt\/ru\/wp-json\/wp\/v2\/media\/269584"}],"wp:attachment":[{"href":"https:\/\/irankiuzona.lt\/ru\/wp-json\/wp\/v2\/media?parent=269582"}],"wp:term":[{"taxonomy":"product_cat","embeddable":true,"href":"https:\/\/irankiuzona.lt\/ru\/wp-json\/wp\/v2\/product_cat?post=269582"},{"taxonomy":"product_tag","embeddable":true,"href":"https:\/\/irankiuzona.lt\/ru\/wp-json\/wp\/v2\/product_tag?post=269582"}],"curies":[{"name":"wp","href":"https:\/\/api.w.org\/{rel}","templated":true}]}}