{"id":269588,"date":"2024-09-29T14:06:16","date_gmt":"2024-09-29T14:06:16","guid":{"rendered":"https:\/\/irankiuzona.lt\/product\/hidraulinis-presas-30tonu-dviguba-pompa-kojine-pavara\/"},"modified":"2025-05-05T19:45:39","modified_gmt":"2025-05-05T19:45:39","slug":"hidraulinis-presas-30tonu-dviguba-pompa-kojine-pavara","status":"publish","type":"product","link":"https:\/\/irankiuzona.lt\/ru\/product\/hidraulinis-presas-30tonu-dviguba-pompa-kojine-pavara\/","title":{"rendered":"Hidraulinis presas 30ton\u0173 dviguba pompa + kojin\u0117 pavara"},"content":{"rendered":"<p>30T hidraulinis presas su kojine pompa 30022B<br \/>\nGalia: 30000kgPavara kojin\u0117\/rankin\u0117 &#8211; du grei\u010diaiSurenkama konstrukcijaKei\u010diama st\u016bmoklio pozicija St\u016bmoklio eiga: 160mmBendras auk\u0161tis 1850mmBendras plotis: 740mmDarbin\u0117s zonos auk\u0161tis:45-945mmDarbin\u0117s zonos plotis: 600mmPakuot\u0117s matmenys: 1750x360x250mmSvoris N.W.: 130.0kgSvoris G.W.: 145.0kgSpalva RAL GREY 7016 + RED 5001<\/p>","protected":false},"excerpt":{"rendered":"<p>Hidraulinis presas 30ton\u0173 dviguba pompa + kojin\u0117 pavara<\/p>","protected":false},"featured_media":269590,"comment_status":"open","ping_status":"open","template":"","meta":[],"product_cat":[9946],"product_tag":[],"class_list":{"0":"post-269588","1":"product","2":"type-product","3":"status-publish","4":"has-post-thumbnail","6":"product_cat-hidrauliniai-presai","8":"first","9":"outofstock","10":"purchasable","11":"product-type-simple"},"jetpack_sharing_enabled":true,"_links":{"self":[{"href":"https:\/\/irankiuzona.lt\/ru\/wp-json\/wp\/v2\/product\/269588","targetHints":{"allow":["GET"]}}],"collection":[{"href":"https:\/\/irankiuzona.lt\/ru\/wp-json\/wp\/v2\/product"}],"about":[{"href":"https:\/\/irankiuzona.lt\/ru\/wp-json\/wp\/v2\/types\/product"}],"replies":[{"embeddable":true,"href":"https:\/\/irankiuzona.lt\/ru\/wp-json\/wp\/v2\/comments?post=269588"}],"version-history":[{"count":0,"href":"https:\/\/irankiuzona.lt\/ru\/wp-json\/wp\/v2\/product\/269588\/revisions"}],"wp:featuredmedia":[{"embeddable":true,"href":"https:\/\/irankiuzona.lt\/ru\/wp-json\/wp\/v2\/media\/269590"}],"wp:attachment":[{"href":"https:\/\/irankiuzona.lt\/ru\/wp-json\/wp\/v2\/media?parent=269588"}],"wp:term":[{"taxonomy":"product_cat","embeddable":true,"href":"https:\/\/irankiuzona.lt\/ru\/wp-json\/wp\/v2\/product_cat?post=269588"},{"taxonomy":"product_tag","embeddable":true,"href":"https:\/\/irankiuzona.lt\/ru\/wp-json\/wp\/v2\/product_tag?post=269588"}],"curies":[{"name":"wp","href":"https:\/\/api.w.org\/{rel}","templated":true}]}}