{"id":269597,"date":"2024-09-29T14:06:16","date_gmt":"2024-09-29T14:06:16","guid":{"rendered":"https:\/\/irankiuzona.lt\/product\/spyruokliu-suspaudejas-1t-200-720mm\/"},"modified":"2026-02-25T07:10:15","modified_gmt":"2026-02-25T07:10:15","slug":"spyruokliu-suspaudejas-1t-200-720mm","status":"publish","type":"product","link":"https:\/\/irankiuzona.lt\/ru\/product\/spyruokliu-suspaudejas-1t-200-720mm\/","title":{"rendered":"Spyruokli\u0173 suspaud\u0117jas 1T 200-720mm"},"content":{"rendered":"<p>Hidraulinis stacionarus spyruokli\u0173 suspaud\u0117jas 2500A<br \/>\nSpaudimo galia-1100kgDarbo eiga 200 &#8211; 720mmSpyruokl\u0117s diametras 90-400mmSpyruokl\u0117s laikymo atrama &#8211; reguliuojamo diametro ir auk\u0161\u010dio gnybtai (vir\u0161uje), suver\u017eiamas koto laikiklis su atrama (apa\u010dioje)Auk\u0161tis 1250mmSvoris 37Kg<\/p>","protected":false},"excerpt":{"rendered":"<p>Spyruokli\u0173 suspaud\u0117jas 1T 200-720mm<\/p>","protected":false},"featured_media":269599,"comment_status":"open","ping_status":"open","template":"","meta":[],"product_cat":[9723],"product_tag":[],"class_list":{"0":"post-269597","1":"product","2":"type-product","3":"status-publish","4":"has-post-thumbnail","6":"product_cat-spyruokliu-suspaudimo-irankiai","8":"first","9":"outofstock","10":"purchasable","11":"product-type-simple"},"jetpack_sharing_enabled":true,"_links":{"self":[{"href":"https:\/\/irankiuzona.lt\/ru\/wp-json\/wp\/v2\/product\/269597","targetHints":{"allow":["GET"]}}],"collection":[{"href":"https:\/\/irankiuzona.lt\/ru\/wp-json\/wp\/v2\/product"}],"about":[{"href":"https:\/\/irankiuzona.lt\/ru\/wp-json\/wp\/v2\/types\/product"}],"replies":[{"embeddable":true,"href":"https:\/\/irankiuzona.lt\/ru\/wp-json\/wp\/v2\/comments?post=269597"}],"version-history":[{"count":1,"href":"https:\/\/irankiuzona.lt\/ru\/wp-json\/wp\/v2\/product\/269597\/revisions"}],"predecessor-version":[{"id":425040,"href":"https:\/\/irankiuzona.lt\/ru\/wp-json\/wp\/v2\/product\/269597\/revisions\/425040"}],"wp:featuredmedia":[{"embeddable":true,"href":"https:\/\/irankiuzona.lt\/ru\/wp-json\/wp\/v2\/media\/269599"}],"wp:attachment":[{"href":"https:\/\/irankiuzona.lt\/ru\/wp-json\/wp\/v2\/media?parent=269597"}],"wp:term":[{"taxonomy":"product_cat","embeddable":true,"href":"https:\/\/irankiuzona.lt\/ru\/wp-json\/wp\/v2\/product_cat?post=269597"},{"taxonomy":"product_tag","embeddable":true,"href":"https:\/\/irankiuzona.lt\/ru\/wp-json\/wp\/v2\/product_tag?post=269597"}],"curies":[{"name":"wp","href":"https:\/\/api.w.org\/{rel}","templated":true}]}}