{"id":269605,"date":"2024-09-29T14:06:17","date_gmt":"2024-09-29T14:06:17","guid":{"rendered":"https:\/\/irankiuzona.lt\/product\/spyruokliu-suspaudejas-1100kg-200-500mm\/"},"modified":"2025-02-17T20:44:47","modified_gmt":"2025-02-17T20:44:47","slug":"spyruokliu-suspaudejas-1100kg-200-500mm","status":"publish","type":"product","link":"https:\/\/irankiuzona.lt\/ru\/product\/spyruokliu-suspaudejas-1100kg-200-500mm\/","title":{"rendered":"Spyruokli\u0173 suspaud\u0117jas 1100KG 200-500mm"},"content":{"rendered":"<p>Hidraulinis stacionarus spyruokli\u0173 suspaud\u0117jas 2400A<br \/>\nSpaudimo galia-1100kgDarbo eiga 200 &#8211; 500mmSpyruokl\u0117s diametras 90-220mmSpyruokl\u0117s laikymo atrama &#8211; reguliuojamo diametro ir auk\u0161\u010dio gnybtai (vir\u0161uje), suver\u017eiamas koto laikiklis (apa\u010dioje)Auk\u0161tis 1100mmSvoris 33 Kg<\/p>","protected":false},"excerpt":{"rendered":"<p>Spyruokli\u0173 suspaud\u0117jas 1100KG\u00a0200-500mm<\/p>","protected":false},"featured_media":269607,"comment_status":"open","ping_status":"open","template":"","meta":[],"product_cat":[9723],"product_tag":[],"class_list":{"0":"post-269605","1":"product","2":"type-product","3":"status-publish","4":"has-post-thumbnail","6":"product_cat-spyruokliu-suspaudimo-irankiai","8":"first","9":"instock","10":"purchasable","11":"product-type-simple"},"jetpack_sharing_enabled":true,"_links":{"self":[{"href":"https:\/\/irankiuzona.lt\/ru\/wp-json\/wp\/v2\/product\/269605","targetHints":{"allow":["GET"]}}],"collection":[{"href":"https:\/\/irankiuzona.lt\/ru\/wp-json\/wp\/v2\/product"}],"about":[{"href":"https:\/\/irankiuzona.lt\/ru\/wp-json\/wp\/v2\/types\/product"}],"replies":[{"embeddable":true,"href":"https:\/\/irankiuzona.lt\/ru\/wp-json\/wp\/v2\/comments?post=269605"}],"version-history":[{"count":0,"href":"https:\/\/irankiuzona.lt\/ru\/wp-json\/wp\/v2\/product\/269605\/revisions"}],"wp:featuredmedia":[{"embeddable":true,"href":"https:\/\/irankiuzona.lt\/ru\/wp-json\/wp\/v2\/media\/269607"}],"wp:attachment":[{"href":"https:\/\/irankiuzona.lt\/ru\/wp-json\/wp\/v2\/media?parent=269605"}],"wp:term":[{"taxonomy":"product_cat","embeddable":true,"href":"https:\/\/irankiuzona.lt\/ru\/wp-json\/wp\/v2\/product_cat?post=269605"},{"taxonomy":"product_tag","embeddable":true,"href":"https:\/\/irankiuzona.lt\/ru\/wp-json\/wp\/v2\/product_tag?post=269605"}],"curies":[{"name":"wp","href":"https:\/\/api.w.org\/{rel}","templated":true}]}}