{"id":269611,"date":"2024-09-29T14:06:17","date_gmt":"2024-09-29T14:06:17","guid":{"rendered":"https:\/\/irankiuzona.lt\/product\/domkratas-pneumatinis-3-tonos-3-oro-pagalves\/"},"modified":"2024-11-12T00:56:32","modified_gmt":"2024-11-12T00:56:32","slug":"domkratas-pneumatinis-3-tonos-3-oro-pagalves","status":"publish","type":"product","link":"https:\/\/irankiuzona.lt\/ru\/product\/domkratas-pneumatinis-3-tonos-3-oro-pagalves\/","title":{"rendered":"Domkratas pneumatinis 3 tonos \/ 3 oro pagalv\u0117s"},"content":{"rendered":"<p>Pneumatinis keltuvas, kurio keliamoji galia iki 3,0 tonos.Privalumai:Plieno konstrukcija.Galimyb\u0117 vertikaliai pastatyti keltuv\u0105 be papildomos atramos.Miltelinis da\u017eymas kaip antikorozin\u0117 apsauga.Gumin\u0117 pagalv\u0117, pagaminta i\u0161 patvarios gumos (3 lygi\u0173).Stabilizuojantis teleskopas dumpli\u0173 viduje.Gofruota gumin\u0117 neslystanti rankena.3\/8&quot; rutuliniai vo\u017etuvai su patogiomis, spalvomis pa\u017eym\u0117tomis svirtimis: tiekimas &#8211; \u017ealias, nutek\u0117jimas &#8211; raudonas.Apsauginis vo\u017etuvas, neleid\u017eiantis pagalvei ply\u0161ti vir\u0161ijus leistin\u0105 suspausto oro sl\u0117g\u012f (vir\u0161 10 bar\u0173),Sertifikuotas produktas.Techniniai duomenysMaksimali keliamoji galia: 3000 kg.Maksimalus k\u0117limo auk\u0161tis \u2013 40 cm.Auk\u0161tis ramyb\u0117s b\u016bsenoje &#8211; 14 cm.Liftas varomas susl\u0117gtu oru, kurio darbinis sl\u0117gis nuo 5 iki 10 bar\u0173.<\/p>","protected":false},"excerpt":{"rendered":"<p>Domkratas pneumatinis 3 tonos \/ 3 oro pagalv\u0117s<\/p>","protected":false},"featured_media":269613,"comment_status":"open","ping_status":"open","template":"","meta":[],"product_cat":[10056],"product_tag":[],"class_list":{"0":"post-269611","1":"product","2":"type-product","3":"status-publish","4":"has-post-thumbnail","6":"product_cat-domkratai-su-oro-pagalvemis","8":"first","9":"outofstock","10":"purchasable","11":"product-type-simple"},"jetpack_sharing_enabled":true,"_links":{"self":[{"href":"https:\/\/irankiuzona.lt\/ru\/wp-json\/wp\/v2\/product\/269611","targetHints":{"allow":["GET"]}}],"collection":[{"href":"https:\/\/irankiuzona.lt\/ru\/wp-json\/wp\/v2\/product"}],"about":[{"href":"https:\/\/irankiuzona.lt\/ru\/wp-json\/wp\/v2\/types\/product"}],"replies":[{"embeddable":true,"href":"https:\/\/irankiuzona.lt\/ru\/wp-json\/wp\/v2\/comments?post=269611"}],"version-history":[{"count":0,"href":"https:\/\/irankiuzona.lt\/ru\/wp-json\/wp\/v2\/product\/269611\/revisions"}],"wp:featuredmedia":[{"embeddable":true,"href":"https:\/\/irankiuzona.lt\/ru\/wp-json\/wp\/v2\/media\/269613"}],"wp:attachment":[{"href":"https:\/\/irankiuzona.lt\/ru\/wp-json\/wp\/v2\/media?parent=269611"}],"wp:term":[{"taxonomy":"product_cat","embeddable":true,"href":"https:\/\/irankiuzona.lt\/ru\/wp-json\/wp\/v2\/product_cat?post=269611"},{"taxonomy":"product_tag","embeddable":true,"href":"https:\/\/irankiuzona.lt\/ru\/wp-json\/wp\/v2\/product_tag?post=269611"}],"curies":[{"name":"wp","href":"https:\/\/api.w.org\/{rel}","templated":true}]}}