{"id":269716,"date":"2024-09-29T14:06:24","date_gmt":"2024-09-29T14:06:24","guid":{"rendered":"https:\/\/irankiuzona.lt\/product\/atrama-reguliuojamo-aukscio-115-290cm-teleskopine-atrama\/"},"modified":"2026-04-12T17:49:42","modified_gmt":"2026-04-12T17:49:42","slug":"atrama-reguliuojamo-aukscio-115-290cm-teleskopine-atrama","status":"publish","type":"product","link":"https:\/\/irankiuzona.lt\/ru\/product\/atrama-reguliuojamo-aukscio-115-290cm-teleskopine-atrama\/","title":{"rendered":"Atrama reguliuojamo auk\u0161\u010dio 115-290cm \/ teleskopin\u0117 atrama"},"content":{"rendered":"<p>Reguliuojamas auk\u0161tis 115cm &#8211; 290cmMaks. svoris iki 30kgGumin\u0117s, neslid\u017eios kojel\u0117s, apsaugan\u010dios med\u017eiag\u0105 nuo pa\u017eeidim\u0173 ir u\u017etikrinan\u010dios stabilum\u0105;Specialus u\u017eraktas u\u017etikrina saugum\u0105 naudojimo metu.<\/p>","protected":false},"excerpt":{"rendered":"<p>Atrama reguliuojamo auk\u0161\u010dio 115-290cm \/ teleskopin\u0117 atrama<\/p>","protected":false},"featured_media":269718,"comment_status":"open","ping_status":"open","template":"","meta":[],"product_cat":[10088],"product_tag":[9646],"class_list":{"0":"post-269716","1":"product","2":"type-product","3":"status-publish","4":"has-post-thumbnail","6":"product_brand-drel-lenkija","7":"product_cat-reguliuojamos-atramos-kojokai","8":"product_tag-drel-lenkija","10":"first","11":"instock","12":"purchasable","13":"product-type-simple"},"jetpack_sharing_enabled":true,"_links":{"self":[{"href":"https:\/\/irankiuzona.lt\/ru\/wp-json\/wp\/v2\/product\/269716","targetHints":{"allow":["GET"]}}],"collection":[{"href":"https:\/\/irankiuzona.lt\/ru\/wp-json\/wp\/v2\/product"}],"about":[{"href":"https:\/\/irankiuzona.lt\/ru\/wp-json\/wp\/v2\/types\/product"}],"replies":[{"embeddable":true,"href":"https:\/\/irankiuzona.lt\/ru\/wp-json\/wp\/v2\/comments?post=269716"}],"version-history":[{"count":1,"href":"https:\/\/irankiuzona.lt\/ru\/wp-json\/wp\/v2\/product\/269716\/revisions"}],"predecessor-version":[{"id":425092,"href":"https:\/\/irankiuzona.lt\/ru\/wp-json\/wp\/v2\/product\/269716\/revisions\/425092"}],"wp:featuredmedia":[{"embeddable":true,"href":"https:\/\/irankiuzona.lt\/ru\/wp-json\/wp\/v2\/media\/269718"}],"wp:attachment":[{"href":"https:\/\/irankiuzona.lt\/ru\/wp-json\/wp\/v2\/media?parent=269716"}],"wp:term":[{"taxonomy":"product_cat","embeddable":true,"href":"https:\/\/irankiuzona.lt\/ru\/wp-json\/wp\/v2\/product_cat?post=269716"},{"taxonomy":"product_tag","embeddable":true,"href":"https:\/\/irankiuzona.lt\/ru\/wp-json\/wp\/v2\/product_tag?post=269716"}],"curies":[{"name":"wp","href":"https:\/\/api.w.org\/{rel}","templated":true}]}}