{"id":294677,"date":"2024-09-29T08:00:42","date_gmt":"2024-09-29T08:00:42","guid":{"rendered":"https:\/\/irankiuzona.lt\/product\/lipniu-dirzeliu-komplektas-50vnt\/"},"modified":"2026-04-17T13:55:44","modified_gmt":"2026-04-17T13:55:44","slug":"lipniu-dirzeliu-komplektas-50vnt","status":"publish","type":"product","link":"https:\/\/irankiuzona.lt\/ru\/product\/lipniu-dirzeliu-komplektas-50vnt\/","title":{"rendered":"Lipni\u0173 dir\u017eeli\u0173 komplektas 50vnt"},"content":{"rendered":"<p>Velcro-Set 50pcs50 pcs. velcro strips in different color each color with 10 pcs Size: 180mm x 19mm (LxB)<\/p>","protected":false},"excerpt":{"rendered":"<p>Lipni\u0173, med\u017eiagini\u0173 dir\u017eeli\u0173 komplektas 50vnt<\/p>","protected":false},"featured_media":294679,"comment_status":"open","ping_status":"open","template":"","meta":[],"product_cat":[9438],"product_tag":[9476],"class_list":{"0":"post-294677","1":"product","2":"type-product","3":"status-publish","4":"has-post-thumbnail","6":"product_brand-erba-austrija","7":"product_cat-tarpines-savarzos-smeiges-kaisciai-ir-kiti-rinkiniai","8":"product_tag-erba-austrija","10":"first","11":"instock","12":"purchasable","13":"product-type-simple"},"jetpack_sharing_enabled":true,"_links":{"self":[{"href":"https:\/\/irankiuzona.lt\/ru\/wp-json\/wp\/v2\/product\/294677","targetHints":{"allow":["GET"]}}],"collection":[{"href":"https:\/\/irankiuzona.lt\/ru\/wp-json\/wp\/v2\/product"}],"about":[{"href":"https:\/\/irankiuzona.lt\/ru\/wp-json\/wp\/v2\/types\/product"}],"replies":[{"embeddable":true,"href":"https:\/\/irankiuzona.lt\/ru\/wp-json\/wp\/v2\/comments?post=294677"}],"version-history":[{"count":1,"href":"https:\/\/irankiuzona.lt\/ru\/wp-json\/wp\/v2\/product\/294677\/revisions"}],"predecessor-version":[{"id":417354,"href":"https:\/\/irankiuzona.lt\/ru\/wp-json\/wp\/v2\/product\/294677\/revisions\/417354"}],"wp:featuredmedia":[{"embeddable":true,"href":"https:\/\/irankiuzona.lt\/ru\/wp-json\/wp\/v2\/media\/294679"}],"wp:attachment":[{"href":"https:\/\/irankiuzona.lt\/ru\/wp-json\/wp\/v2\/media?parent=294677"}],"wp:term":[{"taxonomy":"product_cat","embeddable":true,"href":"https:\/\/irankiuzona.lt\/ru\/wp-json\/wp\/v2\/product_cat?post=294677"},{"taxonomy":"product_tag","embeddable":true,"href":"https:\/\/irankiuzona.lt\/ru\/wp-json\/wp\/v2\/product_tag?post=294677"}],"curies":[{"name":"wp","href":"https:\/\/api.w.org\/{rel}","templated":true}]}}