{"id":294754,"date":"2024-09-29T08:00:47","date_gmt":"2024-09-29T08:00:47","guid":{"rendered":"https:\/\/irankiuzona.lt\/product\/dyz-purktstuku-poverzliu-istraukimo-irankis-260mm\/"},"modified":"2026-05-13T17:43:02","modified_gmt":"2026-05-13T17:43:02","slug":"dyz-purktstuku-poverzliu-istraukimo-irankis-260mm","status":"publish","type":"product","link":"https:\/\/irankiuzona.lt\/ru\/product\/dyz-purktstuku-poverzliu-istraukimo-irankis-260mm\/","title":{"rendered":"Dyz. purkt\u0161tuk\u0173 pover\u017eli\u0173 i\u0161traukimo \u012frankis \/ 260mm"},"content":{"rendered":"<p>Bendras ilgis: 260mmSnapo ilgis: 60mmreverse hammer for dismontling copper washer from injector seats, coned, extra short \/\u00a0Injector Gasket Puller<\/p>","protected":false},"excerpt":{"rendered":"<p>Dyzelini\u0173 purkt\u0161tuk\u0173 pover\u017eli\u0173 (varini\u0173 tarpini\u0173) i\u0161kalimo-i\u0161\u0117mimo \u012frankis su atbuliniu plaktuku \/ 260mm<\/p>","protected":false},"featured_media":294756,"comment_status":"open","ping_status":"open","template":"","meta":[],"product_cat":[9701],"product_tag":[9778],"class_list":{"0":"post-294754","1":"product","2":"type-product","3":"status-publish","4":"has-post-thumbnail","6":"product_brand-triumf-professional-tools-slovakija","7":"product_cat-purkstuku-istraukimui","8":"product_tag-triumf-professional-tools-slovakija","10":"first","11":"instock","12":"purchasable","13":"product-type-simple"},"jetpack_sharing_enabled":true,"_links":{"self":[{"href":"https:\/\/irankiuzona.lt\/ru\/wp-json\/wp\/v2\/product\/294754","targetHints":{"allow":["GET"]}}],"collection":[{"href":"https:\/\/irankiuzona.lt\/ru\/wp-json\/wp\/v2\/product"}],"about":[{"href":"https:\/\/irankiuzona.lt\/ru\/wp-json\/wp\/v2\/types\/product"}],"replies":[{"embeddable":true,"href":"https:\/\/irankiuzona.lt\/ru\/wp-json\/wp\/v2\/comments?post=294754"}],"version-history":[{"count":1,"href":"https:\/\/irankiuzona.lt\/ru\/wp-json\/wp\/v2\/product\/294754\/revisions"}],"predecessor-version":[{"id":417369,"href":"https:\/\/irankiuzona.lt\/ru\/wp-json\/wp\/v2\/product\/294754\/revisions\/417369"}],"wp:featuredmedia":[{"embeddable":true,"href":"https:\/\/irankiuzona.lt\/ru\/wp-json\/wp\/v2\/media\/294756"}],"wp:attachment":[{"href":"https:\/\/irankiuzona.lt\/ru\/wp-json\/wp\/v2\/media?parent=294754"}],"wp:term":[{"taxonomy":"product_cat","embeddable":true,"href":"https:\/\/irankiuzona.lt\/ru\/wp-json\/wp\/v2\/product_cat?post=294754"},{"taxonomy":"product_tag","embeddable":true,"href":"https:\/\/irankiuzona.lt\/ru\/wp-json\/wp\/v2\/product_tag?post=294754"}],"curies":[{"name":"wp","href":"https:\/\/api.w.org\/{rel}","templated":true}]}}