{"id":294763,"date":"2024-09-29T08:00:48","date_gmt":"2024-09-29T08:00:48","guid":{"rendered":"https:\/\/irankiuzona.lt\/product\/laikiklis-irankiams-su-7-kabliukais-tvirtinamas-ant-vezimelio\/"},"modified":"2026-05-16T10:38:34","modified_gmt":"2026-05-16T10:38:34","slug":"laikiklis-irankiams-su-7-kabliukais-tvirtinamas-ant-vezimelio","status":"publish","type":"product","link":"https:\/\/irankiuzona.lt\/ru\/product\/laikiklis-irankiams-su-7-kabliukais-tvirtinamas-ant-vezimelio\/","title":{"rendered":"Laikiklis \u012frankiams su 7 kabliukais \/ tvirtinamas ant ve\u017eim\u0117lio"},"content":{"rendered":"<p>Suspension Rail, with 7 hooks<\/p>\n<p>e.g. for screwdrivers<br \/>\naccessory for tool cabinets No. 7000 and 7029<br \/>\neasy assembly by connecting to square pattern on cabinet side panels<br \/>\nwith 2 screws to secure tight fit<br \/>\ndimension: space between hooks 45 mm, hook length 47 mm, hook \u00f8 4.5 mm<\/p>","protected":false},"excerpt":{"rendered":"<p>Laikiklis-pakaba \u012frankiams su 7 kabliukais \/ 325mm ilgio \/ tvirtinamas ant ve\u017eim\u0117lio \u0161ono<\/p>","protected":false},"featured_media":294765,"comment_status":"open","ping_status":"open","template":"","meta":[],"product_cat":[9873],"product_tag":[9462],"class_list":{"0":"post-294763","1":"product","2":"type-product","3":"status-publish","4":"has-post-thumbnail","6":"product_brand-condor-werkzeug-vokietija","7":"product_cat-priedai-vezimeliams","8":"product_tag-condor-werkzeug-vokietija","10":"first","11":"instock","12":"purchasable","13":"product-type-simple"},"jetpack_sharing_enabled":true,"_links":{"self":[{"href":"https:\/\/irankiuzona.lt\/ru\/wp-json\/wp\/v2\/product\/294763","targetHints":{"allow":["GET"]}}],"collection":[{"href":"https:\/\/irankiuzona.lt\/ru\/wp-json\/wp\/v2\/product"}],"about":[{"href":"https:\/\/irankiuzona.lt\/ru\/wp-json\/wp\/v2\/types\/product"}],"replies":[{"embeddable":true,"href":"https:\/\/irankiuzona.lt\/ru\/wp-json\/wp\/v2\/comments?post=294763"}],"version-history":[{"count":1,"href":"https:\/\/irankiuzona.lt\/ru\/wp-json\/wp\/v2\/product\/294763\/revisions"}],"predecessor-version":[{"id":417372,"href":"https:\/\/irankiuzona.lt\/ru\/wp-json\/wp\/v2\/product\/294763\/revisions\/417372"}],"wp:featuredmedia":[{"embeddable":true,"href":"https:\/\/irankiuzona.lt\/ru\/wp-json\/wp\/v2\/media\/294765"}],"wp:attachment":[{"href":"https:\/\/irankiuzona.lt\/ru\/wp-json\/wp\/v2\/media?parent=294763"}],"wp:term":[{"taxonomy":"product_cat","embeddable":true,"href":"https:\/\/irankiuzona.lt\/ru\/wp-json\/wp\/v2\/product_cat?post=294763"},{"taxonomy":"product_tag","embeddable":true,"href":"https:\/\/irankiuzona.lt\/ru\/wp-json\/wp\/v2\/product_tag?post=294763"}],"curies":[{"name":"wp","href":"https:\/\/api.w.org\/{rel}","templated":true}]}}