{"id":294772,"date":"2024-09-29T08:00:49","date_gmt":"2024-09-29T08:00:49","guid":{"rendered":"https:\/\/irankiuzona.lt\/product\/atsuktuvai-preciziniai-1000v-6daliu-hogert-ht1s986\/"},"modified":"2026-04-11T10:42:48","modified_gmt":"2026-04-11T10:42:48","slug":"atsuktuvai-preciziniai-1000v-6daliu-hogert-ht1s986","status":"publish","type":"product","link":"https:\/\/irankiuzona.lt\/ru\/product\/atsuktuvai-preciziniai-1000v-6daliu-hogert-ht1s986\/","title":{"rendered":"Atsuktuvai preciziniai 1000V 6dali\u0173, HOGERT  HT1S986"},"content":{"rendered":"<p>Atsuktuvai preciziniai 1000V 6dali\u0173<br \/>\nSL1.5&#215;50 mmSL2.0x50 mmSL3.0x50 mmPH00 50 mmPH0 50 mmPH1 50 mm<br \/>\nVDE 1000 V \u012ftampaPagamintas i\u0161 chromo-molibdeno legiruoto plienoPatvarus, atsparus deformacijaiMagnetinis antgalisBesisukantis dangtelis pagerina ergonomik\u0105 priver\u017eiantDviej\u0173 med\u017eiag\u0173, formos rankena patogiam sukibimui ir atsuktuv\u0173 naudojimui<\/p>","protected":false},"excerpt":{"rendered":"<p>Atsuktuvai preciziniai 1000V 6dali\u0173<br \/>\nSL1.5&#215;50 mmSL2.0x50 mmSL3.0x50 mmPH00 50 mmPH0 50 mmPH1 50 mm<\/p>","protected":false},"featured_media":294774,"comment_status":"open","ping_status":"open","template":"","meta":[],"product_cat":[9993],"product_tag":[9969],"class_list":{"0":"post-294772","1":"product","2":"type-product","3":"status-publish","4":"has-post-thumbnail","6":"product_brand-hogert-technik-vokietija","7":"product_cat-atsuktuvai-elektrikui","8":"product_tag-hogert-technik-vokietija","10":"first","11":"instock","12":"purchasable","13":"product-type-simple"},"jetpack_sharing_enabled":true,"_links":{"self":[{"href":"https:\/\/irankiuzona.lt\/ru\/wp-json\/wp\/v2\/product\/294772","targetHints":{"allow":["GET"]}}],"collection":[{"href":"https:\/\/irankiuzona.lt\/ru\/wp-json\/wp\/v2\/product"}],"about":[{"href":"https:\/\/irankiuzona.lt\/ru\/wp-json\/wp\/v2\/types\/product"}],"replies":[{"embeddable":true,"href":"https:\/\/irankiuzona.lt\/ru\/wp-json\/wp\/v2\/comments?post=294772"}],"version-history":[{"count":1,"href":"https:\/\/irankiuzona.lt\/ru\/wp-json\/wp\/v2\/product\/294772\/revisions"}],"predecessor-version":[{"id":417375,"href":"https:\/\/irankiuzona.lt\/ru\/wp-json\/wp\/v2\/product\/294772\/revisions\/417375"}],"wp:featuredmedia":[{"embeddable":true,"href":"https:\/\/irankiuzona.lt\/ru\/wp-json\/wp\/v2\/media\/294774"}],"wp:attachment":[{"href":"https:\/\/irankiuzona.lt\/ru\/wp-json\/wp\/v2\/media?parent=294772"}],"wp:term":[{"taxonomy":"product_cat","embeddable":true,"href":"https:\/\/irankiuzona.lt\/ru\/wp-json\/wp\/v2\/product_cat?post=294772"},{"taxonomy":"product_tag","embeddable":true,"href":"https:\/\/irankiuzona.lt\/ru\/wp-json\/wp\/v2\/product_tag?post=294772"}],"curies":[{"name":"wp","href":"https:\/\/api.w.org\/{rel}","templated":true}]}}