{"id":294784,"date":"2024-09-29T08:00:50","date_gmt":"2024-09-29T08:00:50","guid":{"rendered":"https:\/\/irankiuzona.lt\/product\/pneumatinis-plaktukas-225mm-su-kaltais-m7\/"},"modified":"2026-04-07T18:34:53","modified_gmt":"2026-04-07T18:34:53","slug":"pneumatinis-plaktukas-225mm-su-kaltais-m7","status":"publish","type":"product","link":"https:\/\/irankiuzona.lt\/ru\/product\/pneumatinis-plaktukas-225mm-su-kaltais-m7\/","title":{"rendered":"Pneumatinis plaktukas 225mm su kaltais M7"},"content":{"rendered":"<p>\u0160e\u0161iakampiai kalt\u0173 galaiTechniniai parametrai:Kalt\u0173 laikiklis 10mmSm\u016bgi\u0173 kiekis 2200 sm\u016bg\/minDarbinis sl\u0117gis 6.3 atmOro suvartojimas 113\u00a0l\/minIlgis 225mmSvoris: 2,0\u00a0kgTriuk\u0161mo lygis 95\u00a0dBVibracijos lygis 13,2 m\/s2<\/p>","protected":false},"excerpt":{"rendered":"<p>Pneumatinis plaktukas 225mm su kaltais \/ M7-Mighty-Seven\u00a0MS-SC-0627C<\/p>","protected":false},"featured_media":294786,"comment_status":"open","ping_status":"open","template":"","meta":[],"product_cat":[9668],"product_tag":[9875],"class_list":{"0":"post-294784","1":"product","2":"type-product","3":"status-publish","4":"has-post-thumbnail","6":"product_brand-mighty-seven-m7","7":"product_cat-pneumatiniai-kaltai-plaktukai","8":"product_tag-mighty-seven-m7","10":"first","11":"instock","12":"purchasable","13":"product-type-simple"},"jetpack_sharing_enabled":true,"_links":{"self":[{"href":"https:\/\/irankiuzona.lt\/ru\/wp-json\/wp\/v2\/product\/294784","targetHints":{"allow":["GET"]}}],"collection":[{"href":"https:\/\/irankiuzona.lt\/ru\/wp-json\/wp\/v2\/product"}],"about":[{"href":"https:\/\/irankiuzona.lt\/ru\/wp-json\/wp\/v2\/types\/product"}],"replies":[{"embeddable":true,"href":"https:\/\/irankiuzona.lt\/ru\/wp-json\/wp\/v2\/comments?post=294784"}],"version-history":[{"count":0,"href":"https:\/\/irankiuzona.lt\/ru\/wp-json\/wp\/v2\/product\/294784\/revisions"}],"wp:featuredmedia":[{"embeddable":true,"href":"https:\/\/irankiuzona.lt\/ru\/wp-json\/wp\/v2\/media\/294786"}],"wp:attachment":[{"href":"https:\/\/irankiuzona.lt\/ru\/wp-json\/wp\/v2\/media?parent=294784"}],"wp:term":[{"taxonomy":"product_cat","embeddable":true,"href":"https:\/\/irankiuzona.lt\/ru\/wp-json\/wp\/v2\/product_cat?post=294784"},{"taxonomy":"product_tag","embeddable":true,"href":"https:\/\/irankiuzona.lt\/ru\/wp-json\/wp\/v2\/product_tag?post=294784"}],"curies":[{"name":"wp","href":"https:\/\/api.w.org\/{rel}","templated":true}]}}