{"id":294912,"date":"2024-09-29T08:01:04","date_gmt":"2024-09-29T08:01:04","guid":{"rendered":"https:\/\/irankiuzona.lt\/product\/suvedamu-raktu-ir-repliu-komplektas-su-deklu-vezimeliui\/"},"modified":"2026-04-12T02:40:59","modified_gmt":"2026-04-12T02:40:59","slug":"suvedamu-raktu-ir-repliu-komplektas-su-deklu-vezimeliui","status":"publish","type":"product","link":"https:\/\/irankiuzona.lt\/ru\/product\/suvedamu-raktu-ir-repliu-komplektas-su-deklu-vezimeliui\/","title":{"rendered":"Suvedam\u0173 rakt\u0173 ir repli\u0173 komplektas \/ su d\u0117klu ve\u017eim\u0117liui"},"content":{"rendered":"<p>HOEGERT\u00a0HT7G13639,5 x 18 cm<\/p>\n<p>HT1P560 and HT1P562 wrenches, HT1P372 pliers;<br \/>\nmade from high-quality CrV alloy steel;<br \/>\ntechnical foam.<\/p>","protected":false},"excerpt":{"rendered":"<p>Suvedam\u0173 rakt\u0173 ir reguliuojam\u0173 repli\u0173 komplektas su \u012fd\u0117klu \u012f ve\u017eim\u0117l\u012f \/ HOGERT\u00a0HT7G136<\/p>","protected":false},"featured_media":294914,"comment_status":"open","ping_status":"open","template":"","meta":[],"product_cat":[9870],"product_tag":[9969],"class_list":{"0":"post-294912","1":"product","2":"type-product","3":"status-publish","4":"has-post-thumbnail","6":"product_brand-hogert-technik-vokietija","7":"product_cat-deklai-i-vezimus-su-irankiais-ir-tusti","8":"product_tag-hogert-technik-vokietija","10":"first","11":"outofstock","12":"purchasable","13":"product-type-simple"},"jetpack_sharing_enabled":true,"_links":{"self":[{"href":"https:\/\/irankiuzona.lt\/ru\/wp-json\/wp\/v2\/product\/294912","targetHints":{"allow":["GET"]}}],"collection":[{"href":"https:\/\/irankiuzona.lt\/ru\/wp-json\/wp\/v2\/product"}],"about":[{"href":"https:\/\/irankiuzona.lt\/ru\/wp-json\/wp\/v2\/types\/product"}],"replies":[{"embeddable":true,"href":"https:\/\/irankiuzona.lt\/ru\/wp-json\/wp\/v2\/comments?post=294912"}],"version-history":[{"count":1,"href":"https:\/\/irankiuzona.lt\/ru\/wp-json\/wp\/v2\/product\/294912\/revisions"}],"predecessor-version":[{"id":417418,"href":"https:\/\/irankiuzona.lt\/ru\/wp-json\/wp\/v2\/product\/294912\/revisions\/417418"}],"wp:featuredmedia":[{"embeddable":true,"href":"https:\/\/irankiuzona.lt\/ru\/wp-json\/wp\/v2\/media\/294914"}],"wp:attachment":[{"href":"https:\/\/irankiuzona.lt\/ru\/wp-json\/wp\/v2\/media?parent=294912"}],"wp:term":[{"taxonomy":"product_cat","embeddable":true,"href":"https:\/\/irankiuzona.lt\/ru\/wp-json\/wp\/v2\/product_cat?post=294912"},{"taxonomy":"product_tag","embeddable":true,"href":"https:\/\/irankiuzona.lt\/ru\/wp-json\/wp\/v2\/product_tag?post=294912"}],"curies":[{"name":"wp","href":"https:\/\/api.w.org\/{rel}","templated":true}]}}