{"id":294921,"date":"2024-09-29T08:10:04","date_gmt":"2024-09-29T08:10:04","guid":{"rendered":"https:\/\/irankiuzona.lt\/product\/galvute-stabdziu-suportams-audi-q7-14mm-7dantu\/"},"modified":"2026-04-12T09:34:43","modified_gmt":"2026-04-12T09:34:43","slug":"galvute-stabdziu-suportams-audi-q7-14mm-7dantu","status":"publish","type":"product","link":"https:\/\/irankiuzona.lt\/ru\/product\/galvute-stabdziu-suportams-audi-q7-14mm-7dantu\/","title":{"rendered":"Galvut\u0117 stabd\u017ei\u0173 suportams AUDI Q7 14mm 7dant\u0173"},"content":{"rendered":"<p>Special head 14mm, 7 edges, 19mm connection, for replacement of Audi Q7 brake pads<\/p>","protected":false},"excerpt":{"rendered":"<p>Spec. galvut\u0117 stabd\u017ei\u0173 suportams AUDI Q7 14mm 7dant\u0173 (VAG)<\/p>","protected":false},"featured_media":294923,"comment_status":"open","ping_status":"open","template":"","meta":[],"product_cat":[9540],"product_tag":[9778],"class_list":{"0":"post-294921","1":"product","2":"type-product","3":"status-publish","4":"has-post-thumbnail","6":"product_brand-triumf-professional-tools-slovakija","7":"product_cat-suportu-remonto-irankiai","8":"product_tag-triumf-professional-tools-slovakija","10":"first","11":"outofstock","12":"purchasable","13":"product-type-simple"},"jetpack_sharing_enabled":true,"_links":{"self":[{"href":"https:\/\/irankiuzona.lt\/ru\/wp-json\/wp\/v2\/product\/294921","targetHints":{"allow":["GET"]}}],"collection":[{"href":"https:\/\/irankiuzona.lt\/ru\/wp-json\/wp\/v2\/product"}],"about":[{"href":"https:\/\/irankiuzona.lt\/ru\/wp-json\/wp\/v2\/types\/product"}],"replies":[{"embeddable":true,"href":"https:\/\/irankiuzona.lt\/ru\/wp-json\/wp\/v2\/comments?post=294921"}],"version-history":[{"count":1,"href":"https:\/\/irankiuzona.lt\/ru\/wp-json\/wp\/v2\/product\/294921\/revisions"}],"predecessor-version":[{"id":417420,"href":"https:\/\/irankiuzona.lt\/ru\/wp-json\/wp\/v2\/product\/294921\/revisions\/417420"}],"wp:featuredmedia":[{"embeddable":true,"href":"https:\/\/irankiuzona.lt\/ru\/wp-json\/wp\/v2\/media\/294923"}],"wp:attachment":[{"href":"https:\/\/irankiuzona.lt\/ru\/wp-json\/wp\/v2\/media?parent=294921"}],"wp:term":[{"taxonomy":"product_cat","embeddable":true,"href":"https:\/\/irankiuzona.lt\/ru\/wp-json\/wp\/v2\/product_cat?post=294921"},{"taxonomy":"product_tag","embeddable":true,"href":"https:\/\/irankiuzona.lt\/ru\/wp-json\/wp\/v2\/product_tag?post=294921"}],"curies":[{"name":"wp","href":"https:\/\/api.w.org\/{rel}","templated":true}]}}