{"id":295000,"date":"2024-09-29T08:10:13","date_gmt":"2024-09-29T08:10:13","guid":{"rendered":"https:\/\/irankiuzona.lt\/product\/sarnyru-nuemejas-hidraulinis-rankinis-12-t\/"},"modified":"2026-05-14T20:24:44","modified_gmt":"2026-05-14T20:24:44","slug":"sarnyru-nuemejas-hidraulinis-rankinis-12-t","status":"publish","type":"product","link":"https:\/\/irankiuzona.lt\/ru\/product\/sarnyru-nuemejas-hidraulinis-rankinis-12-t\/","title":{"rendered":"\u0160arnyr\u0173 nu\u0117m\u0117jas hidraulinis rankinis 12 t"},"content":{"rendered":"<p>\u2022 Heavy-duty ball joint splitter suitable for HGV vehicles.  \u2022 Specially designed to be operated manually or by 12tonne hydraulic ram supplied. \u2022 Features a step down thread adaptor that allows fitting of the manual thrust screw or hydraulic ram.<\/p>","protected":false},"excerpt":{"rendered":"<p>\u0160arnyr\u0173 nu\u0117m\u0117jas hidraulinis rankinis 12 t<\/p>","protected":false},"featured_media":295002,"comment_status":"open","ping_status":"open","template":"","meta":[],"product_cat":[9755],"product_tag":[9435],"class_list":{"0":"post-295000","1":"product","2":"type-product","3":"status-publish","4":"has-post-thumbnail","6":"product_brand-kinija","7":"product_cat-sarnyru-keitimo-irankiai","8":"product_tag-kinija","10":"first","11":"instock","12":"purchasable","13":"product-type-simple"},"jetpack_sharing_enabled":true,"_links":{"self":[{"href":"https:\/\/irankiuzona.lt\/ru\/wp-json\/wp\/v2\/product\/295000","targetHints":{"allow":["GET"]}}],"collection":[{"href":"https:\/\/irankiuzona.lt\/ru\/wp-json\/wp\/v2\/product"}],"about":[{"href":"https:\/\/irankiuzona.lt\/ru\/wp-json\/wp\/v2\/types\/product"}],"replies":[{"embeddable":true,"href":"https:\/\/irankiuzona.lt\/ru\/wp-json\/wp\/v2\/comments?post=295000"}],"version-history":[{"count":1,"href":"https:\/\/irankiuzona.lt\/ru\/wp-json\/wp\/v2\/product\/295000\/revisions"}],"predecessor-version":[{"id":417448,"href":"https:\/\/irankiuzona.lt\/ru\/wp-json\/wp\/v2\/product\/295000\/revisions\/417448"}],"wp:featuredmedia":[{"embeddable":true,"href":"https:\/\/irankiuzona.lt\/ru\/wp-json\/wp\/v2\/media\/295002"}],"wp:attachment":[{"href":"https:\/\/irankiuzona.lt\/ru\/wp-json\/wp\/v2\/media?parent=295000"}],"wp:term":[{"taxonomy":"product_cat","embeddable":true,"href":"https:\/\/irankiuzona.lt\/ru\/wp-json\/wp\/v2\/product_cat?post=295000"},{"taxonomy":"product_tag","embeddable":true,"href":"https:\/\/irankiuzona.lt\/ru\/wp-json\/wp\/v2\/product_tag?post=295000"}],"curies":[{"name":"wp","href":"https:\/\/api.w.org\/{rel}","templated":true}]}}