{"id":295067,"date":"2024-09-29T08:10:21","date_gmt":"2024-09-29T08:10:21","guid":{"rendered":"https:\/\/irankiuzona.lt\/product\/nuluzusiu-varztu-issukimo-komplektas-25daliu\/"},"modified":"2026-04-15T20:49:58","modified_gmt":"2026-04-15T20:49:58","slug":"nuluzusiu-varztu-issukimo-komplektas-25daliu","status":"publish","type":"product","link":"https:\/\/irankiuzona.lt\/ru\/product\/nuluzusiu-varztu-issukimo-komplektas-25daliu\/","title":{"rendered":"Nul\u016b\u017eusi\u0173 var\u017et\u0173 i\u0161sukimo komplektas \/ 25dali\u0173"},"content":{"rendered":"<p>&#8211; 5 HSS drills: 3.2 &#8211; 4.8 &#8211; 6.4 &#8211; 8.0 &#8211; 8.7 mm- 10 guide bushings for drills- 5 extractor pins- 5 extractor adapters<\/p>","protected":false},"excerpt":{"rendered":"<p>U\u017el\u016b\u017eusi\u0173 var\u017et\u0173 i\u0161suk\u0117j\u0173\/i\u0161trauk\u0117j\u0173 rinkinys | 25 vnt.<\/p>","protected":false},"featured_media":295069,"comment_status":"open","ping_status":"open","template":"","meta":[],"product_cat":[9557],"product_tag":[9435],"class_list":{"0":"post-295067","1":"product","2":"type-product","3":"status-publish","4":"has-post-thumbnail","6":"product_brand-kinija","7":"product_cat-nulauztu-varztu-issukimo-irankiai","8":"product_tag-kinija","10":"first","11":"outofstock","12":"purchasable","13":"product-type-simple"},"jetpack_sharing_enabled":true,"_links":{"self":[{"href":"https:\/\/irankiuzona.lt\/ru\/wp-json\/wp\/v2\/product\/295067","targetHints":{"allow":["GET"]}}],"collection":[{"href":"https:\/\/irankiuzona.lt\/ru\/wp-json\/wp\/v2\/product"}],"about":[{"href":"https:\/\/irankiuzona.lt\/ru\/wp-json\/wp\/v2\/types\/product"}],"replies":[{"embeddable":true,"href":"https:\/\/irankiuzona.lt\/ru\/wp-json\/wp\/v2\/comments?post=295067"}],"version-history":[{"count":1,"href":"https:\/\/irankiuzona.lt\/ru\/wp-json\/wp\/v2\/product\/295067\/revisions"}],"predecessor-version":[{"id":417473,"href":"https:\/\/irankiuzona.lt\/ru\/wp-json\/wp\/v2\/product\/295067\/revisions\/417473"}],"wp:featuredmedia":[{"embeddable":true,"href":"https:\/\/irankiuzona.lt\/ru\/wp-json\/wp\/v2\/media\/295069"}],"wp:attachment":[{"href":"https:\/\/irankiuzona.lt\/ru\/wp-json\/wp\/v2\/media?parent=295067"}],"wp:term":[{"taxonomy":"product_cat","embeddable":true,"href":"https:\/\/irankiuzona.lt\/ru\/wp-json\/wp\/v2\/product_cat?post=295067"},{"taxonomy":"product_tag","embeddable":true,"href":"https:\/\/irankiuzona.lt\/ru\/wp-json\/wp\/v2\/product_tag?post=295067"}],"curies":[{"name":"wp","href":"https:\/\/api.w.org\/{rel}","templated":true}]}}