{"id":295081,"date":"2024-09-29T08:10:22","date_gmt":"2024-09-29T08:10:22","guid":{"rendered":"https:\/\/irankiuzona.lt\/product\/graztu-komplektas-medziui-15daliu\/"},"modified":"2026-05-15T02:45:38","modified_gmt":"2026-05-15T02:45:38","slug":"graztu-komplektas-medziui-15daliu","status":"publish","type":"product","link":"https:\/\/irankiuzona.lt\/ru\/product\/graztu-komplektas-medziui-15daliu\/","title":{"rendered":"Gr\u0105\u017et\u0173 komplektas  med\u017eiui 15dali\u0173"},"content":{"rendered":"<p>7mm,8mm,9mm po 1vnt.3mm,4mm,5mm,6mm,8mm,10mm po 2vnt.<\/p>","protected":false},"excerpt":{"rendered":"<p>Gr\u0105\u017et\u0173 komplektas\u00a0 med\u017eiui 15dali\u0173<\/p>","protected":false},"featured_media":295083,"comment_status":"open","ping_status":"open","template":"","meta":[],"product_cat":[9625],"product_tag":[9478],"class_list":{"0":"post-295081","1":"product","2":"type-product","3":"status-publish","4":"has-post-thumbnail","6":"product_brand-leman-prancuzija","7":"product_cat-graztu-medziui-komplektai","8":"product_tag-leman-prancuzija","10":"first","11":"instock","12":"purchasable","13":"product-type-simple"},"jetpack_sharing_enabled":true,"_links":{"self":[{"href":"https:\/\/irankiuzona.lt\/ru\/wp-json\/wp\/v2\/product\/295081","targetHints":{"allow":["GET"]}}],"collection":[{"href":"https:\/\/irankiuzona.lt\/ru\/wp-json\/wp\/v2\/product"}],"about":[{"href":"https:\/\/irankiuzona.lt\/ru\/wp-json\/wp\/v2\/types\/product"}],"replies":[{"embeddable":true,"href":"https:\/\/irankiuzona.lt\/ru\/wp-json\/wp\/v2\/comments?post=295081"}],"version-history":[{"count":1,"href":"https:\/\/irankiuzona.lt\/ru\/wp-json\/wp\/v2\/product\/295081\/revisions"}],"predecessor-version":[{"id":417478,"href":"https:\/\/irankiuzona.lt\/ru\/wp-json\/wp\/v2\/product\/295081\/revisions\/417478"}],"wp:featuredmedia":[{"embeddable":true,"href":"https:\/\/irankiuzona.lt\/ru\/wp-json\/wp\/v2\/media\/295083"}],"wp:attachment":[{"href":"https:\/\/irankiuzona.lt\/ru\/wp-json\/wp\/v2\/media?parent=295081"}],"wp:term":[{"taxonomy":"product_cat","embeddable":true,"href":"https:\/\/irankiuzona.lt\/ru\/wp-json\/wp\/v2\/product_cat?post=295081"},{"taxonomy":"product_tag","embeddable":true,"href":"https:\/\/irankiuzona.lt\/ru\/wp-json\/wp\/v2\/product_tag?post=295081"}],"curies":[{"name":"wp","href":"https:\/\/api.w.org\/{rel}","templated":true}]}}