{"id":295121,"date":"2024-09-29T08:10:26","date_gmt":"2024-09-29T08:10:26","guid":{"rendered":"https:\/\/irankiuzona.lt\/product\/aukstos-kokybes-tvirtinimo-dirzeliai-juodi-76x370mm-nylon-100vnt\/"},"modified":"2026-05-11T11:08:10","modified_gmt":"2026-05-11T11:08:10","slug":"aukstos-kokybes-tvirtinimo-dirzeliai-juodi-76x370mm-nylon-100vnt","status":"publish","type":"product","link":"https:\/\/irankiuzona.lt\/ru\/product\/aukstos-kokybes-tvirtinimo-dirzeliai-juodi-76x370mm-nylon-100vnt\/","title":{"rendered":"Auk\u0161tos kokyb\u0117s tvirtinimo dir\u017eeliai juodi 7,6x370mm nylon \/ 100vnt"},"content":{"rendered":"<p>Tvirtinimo dir\u017eeliai i\u0161 100% nailono (polyamida 6.6 \/ UL94V-2 Flammability).D\u0117l \u0161ios itin tvirtos med\u017eiagos dir\u017eeliai nel\u016b\u017ein\u0117ja, yra atspar\u016bs UV spinduliams.Darbin\u0117 temperat\u016bra nuo \u201340 \u00b0C iki +85 \u00b0C<br \/>\nPlotis: 7,6mmIlgis: 370mmKiekis pakuot\u0117je: 100vnt.Max. u\u017ever\u017eiamas diametras: iki 102mmResist. Kgf.: 54.5<\/p>","protected":false},"excerpt":{"rendered":"<p>Profesional\u016bs, nailoniniai tvirtinimo dir\u017eeliai juodos spalvos \u00f87,6*370mm ilgio \/ pakuot\u0117je 100vnt<\/p>","protected":false},"featured_media":295123,"comment_status":"open","ping_status":"open","template":"","meta":[],"product_cat":[9489],"product_tag":[],"class_list":{"0":"post-295121","1":"product","2":"type-product","3":"status-publish","4":"has-post-thumbnail","6":"product_cat-tvirtinimo-dirzeliai","8":"first","9":"outofstock","10":"purchasable","11":"product-type-simple"},"jetpack_sharing_enabled":true,"_links":{"self":[{"href":"https:\/\/irankiuzona.lt\/ru\/wp-json\/wp\/v2\/product\/295121","targetHints":{"allow":["GET"]}}],"collection":[{"href":"https:\/\/irankiuzona.lt\/ru\/wp-json\/wp\/v2\/product"}],"about":[{"href":"https:\/\/irankiuzona.lt\/ru\/wp-json\/wp\/v2\/types\/product"}],"replies":[{"embeddable":true,"href":"https:\/\/irankiuzona.lt\/ru\/wp-json\/wp\/v2\/comments?post=295121"}],"version-history":[{"count":1,"href":"https:\/\/irankiuzona.lt\/ru\/wp-json\/wp\/v2\/product\/295121\/revisions"}],"predecessor-version":[{"id":417491,"href":"https:\/\/irankiuzona.lt\/ru\/wp-json\/wp\/v2\/product\/295121\/revisions\/417491"}],"wp:featuredmedia":[{"embeddable":true,"href":"https:\/\/irankiuzona.lt\/ru\/wp-json\/wp\/v2\/media\/295123"}],"wp:attachment":[{"href":"https:\/\/irankiuzona.lt\/ru\/wp-json\/wp\/v2\/media?parent=295121"}],"wp:term":[{"taxonomy":"product_cat","embeddable":true,"href":"https:\/\/irankiuzona.lt\/ru\/wp-json\/wp\/v2\/product_cat?post=295121"},{"taxonomy":"product_tag","embeddable":true,"href":"https:\/\/irankiuzona.lt\/ru\/wp-json\/wp\/v2\/product_tag?post=295121"}],"curies":[{"name":"wp","href":"https:\/\/api.w.org\/{rel}","templated":true}]}}