{"id":295209,"date":"2024-09-29T08:10:35","date_gmt":"2024-09-29T08:10:35","guid":{"rendered":"https:\/\/irankiuzona.lt\/product\/diskas-medziui-125x222x22mm-3t\/"},"modified":"2026-04-17T09:58:49","modified_gmt":"2026-04-17T09:58:49","slug":"diskas-medziui-125x222x22mm-3t","status":"publish","type":"product","link":"https:\/\/irankiuzona.lt\/ru\/product\/diskas-medziui-125x222x22mm-3t\/","title":{"rendered":"Diskas med\u017eiui, 125&#215;22,2&#215;2,2mm. 3T."},"content":{"rendered":"","protected":false},"excerpt":{"rendered":"<p>Diskas med\u017eiui 125 \u00d7 22,2 \u00d7 2,2 mm 3T<\/p>","protected":false},"featured_media":295211,"comment_status":"open","ping_status":"open","template":"","meta":[],"product_cat":[9473],"product_tag":[9435],"class_list":{"0":"post-295209","1":"product","2":"type-product","3":"status-publish","4":"has-post-thumbnail","6":"product_brand-kinija","7":"product_cat-medzio-pjovimo-diskai","8":"product_tag-kinija","10":"first","11":"outofstock","12":"purchasable","13":"product-type-simple"},"jetpack_sharing_enabled":true,"_links":{"self":[{"href":"https:\/\/irankiuzona.lt\/ru\/wp-json\/wp\/v2\/product\/295209","targetHints":{"allow":["GET"]}}],"collection":[{"href":"https:\/\/irankiuzona.lt\/ru\/wp-json\/wp\/v2\/product"}],"about":[{"href":"https:\/\/irankiuzona.lt\/ru\/wp-json\/wp\/v2\/types\/product"}],"replies":[{"embeddable":true,"href":"https:\/\/irankiuzona.lt\/ru\/wp-json\/wp\/v2\/comments?post=295209"}],"version-history":[{"count":1,"href":"https:\/\/irankiuzona.lt\/ru\/wp-json\/wp\/v2\/product\/295209\/revisions"}],"predecessor-version":[{"id":417520,"href":"https:\/\/irankiuzona.lt\/ru\/wp-json\/wp\/v2\/product\/295209\/revisions\/417520"}],"wp:featuredmedia":[{"embeddable":true,"href":"https:\/\/irankiuzona.lt\/ru\/wp-json\/wp\/v2\/media\/295211"}],"wp:attachment":[{"href":"https:\/\/irankiuzona.lt\/ru\/wp-json\/wp\/v2\/media?parent=295209"}],"wp:term":[{"taxonomy":"product_cat","embeddable":true,"href":"https:\/\/irankiuzona.lt\/ru\/wp-json\/wp\/v2\/product_cat?post=295209"},{"taxonomy":"product_tag","embeddable":true,"href":"https:\/\/irankiuzona.lt\/ru\/wp-json\/wp\/v2\/product_tag?post=295209"}],"curies":[{"name":"wp","href":"https:\/\/api.w.org\/{rel}","templated":true}]}}