{"id":295215,"date":"2024-09-29T08:10:35","date_gmt":"2024-09-29T08:10:35","guid":{"rendered":"https:\/\/irankiuzona.lt\/product\/atsuktuvu-komplektas-elektrikui-1000v-su-deklu-vezimeliui\/"},"modified":"2026-03-27T14:12:45","modified_gmt":"2026-03-27T14:12:45","slug":"atsuktuvu-komplektas-elektrikui-1000v-su-deklu-vezimeliui","status":"publish","type":"product","link":"https:\/\/irankiuzona.lt\/ru\/product\/atsuktuvu-komplektas-elektrikui-1000v-su-deklu-vezimeliui\/","title":{"rendered":"Atsuktuv\u0173 komplektas elektrikui 1000V \/ su d\u0117klu ve\u017eim\u0117liui"},"content":{"rendered":"<p>HOEGERT\u00a0HT7G137 \/\u00a01000 V INSULATED SCREWDRIVER SET39,5 x 18 cm<\/p>\n<p>HTS960, HT1S961, HT1S962, HT1S968, and HT1S969 screwdrivers, HT1S981 voltage tester;<br \/>\nscrewdrivers made from high-quality CrMo alloy steel;<br \/>\ntechnical foam.<\/p>","protected":false},"excerpt":{"rendered":"<p>Elektriko atsuktuv\u0173 1000V komplektas\u00a0su \u012fd\u0117klu \u012f ve\u017eim\u0117l\u012f \/ HOGERT\u00a0HT7G137<\/p>","protected":false},"featured_media":295217,"comment_status":"open","ping_status":"open","template":"","meta":[],"product_cat":[9870],"product_tag":[9969],"class_list":{"0":"post-295215","1":"product","2":"type-product","3":"status-publish","4":"has-post-thumbnail","6":"product_brand-hogert-technik-vokietija","7":"product_cat-deklai-i-vezimus-su-irankiais-ir-tusti","8":"product_tag-hogert-technik-vokietija","10":"first","11":"outofstock","12":"purchasable","13":"product-type-simple"},"jetpack_sharing_enabled":true,"_links":{"self":[{"href":"https:\/\/irankiuzona.lt\/ru\/wp-json\/wp\/v2\/product\/295215","targetHints":{"allow":["GET"]}}],"collection":[{"href":"https:\/\/irankiuzona.lt\/ru\/wp-json\/wp\/v2\/product"}],"about":[{"href":"https:\/\/irankiuzona.lt\/ru\/wp-json\/wp\/v2\/types\/product"}],"replies":[{"embeddable":true,"href":"https:\/\/irankiuzona.lt\/ru\/wp-json\/wp\/v2\/comments?post=295215"}],"version-history":[{"count":1,"href":"https:\/\/irankiuzona.lt\/ru\/wp-json\/wp\/v2\/product\/295215\/revisions"}],"predecessor-version":[{"id":417521,"href":"https:\/\/irankiuzona.lt\/ru\/wp-json\/wp\/v2\/product\/295215\/revisions\/417521"}],"wp:featuredmedia":[{"embeddable":true,"href":"https:\/\/irankiuzona.lt\/ru\/wp-json\/wp\/v2\/media\/295217"}],"wp:attachment":[{"href":"https:\/\/irankiuzona.lt\/ru\/wp-json\/wp\/v2\/media?parent=295215"}],"wp:term":[{"taxonomy":"product_cat","embeddable":true,"href":"https:\/\/irankiuzona.lt\/ru\/wp-json\/wp\/v2\/product_cat?post=295215"},{"taxonomy":"product_tag","embeddable":true,"href":"https:\/\/irankiuzona.lt\/ru\/wp-json\/wp\/v2\/product_tag?post=295215"}],"curies":[{"name":"wp","href":"https:\/\/api.w.org\/{rel}","templated":true}]}}