{"id":295218,"date":"2024-09-29T08:10:36","date_gmt":"2024-09-29T08:10:36","guid":{"rendered":"https:\/\/irankiuzona.lt\/product\/pneumo-zarna-gumine-10mm16mm15m\/"},"modified":"2026-04-14T19:28:39","modified_gmt":"2026-04-14T19:28:39","slug":"pneumo-zarna-gumine-10mm16mm15m","status":"publish","type":"product","link":"https:\/\/irankiuzona.lt\/ru\/product\/pneumo-zarna-gumine-10mm16mm15m\/","title":{"rendered":"Pneumo \u017earna gumin\u0117 \/ 10mm*16mm*15m"},"content":{"rendered":"<p>Oro \u012fleidimas: 1\/4 &quot;NPT \u017ealvario jungtisDarbinis sl\u0117gis PSI: 300 PSI \/ 900PSITemperat\u016bra: -30 \u2103 + 65 \u2103Vidinis skersmuo: 9.5mm;I\u0161orinis skersmuo: 16mmMed\u017eiaga: Guma ir PVC mi\u0161inys.Su juodomis rankov\u0117mis1\/4 &quot;NPT \u017ealvariniai antgaliai<\/p>","protected":false},"excerpt":{"rendered":"<p>Pneumatin\u0117 oro \u017earna su rankov\u0117mis \/ 10 mm x 16 mm x 15 m \/ auk\u0161tos kokyb\u0117s guma+<\/p>","protected":false},"featured_media":295220,"comment_status":"open","ping_status":"open","template":"","meta":[],"product_cat":[9657],"product_tag":[10151],"class_list":{"0":"post-295218","1":"product","2":"type-product","3":"status-publish","4":"has-post-thumbnail","6":"product_brand-lenkija-tiekejas","7":"product_cat-pneumatines-oro-zarnos","8":"product_tag-lenkija-tiekejas","10":"first","11":"outofstock","12":"purchasable","13":"product-type-simple"},"jetpack_sharing_enabled":true,"_links":{"self":[{"href":"https:\/\/irankiuzona.lt\/ru\/wp-json\/wp\/v2\/product\/295218","targetHints":{"allow":["GET"]}}],"collection":[{"href":"https:\/\/irankiuzona.lt\/ru\/wp-json\/wp\/v2\/product"}],"about":[{"href":"https:\/\/irankiuzona.lt\/ru\/wp-json\/wp\/v2\/types\/product"}],"replies":[{"embeddable":true,"href":"https:\/\/irankiuzona.lt\/ru\/wp-json\/wp\/v2\/comments?post=295218"}],"version-history":[{"count":1,"href":"https:\/\/irankiuzona.lt\/ru\/wp-json\/wp\/v2\/product\/295218\/revisions"}],"predecessor-version":[{"id":417522,"href":"https:\/\/irankiuzona.lt\/ru\/wp-json\/wp\/v2\/product\/295218\/revisions\/417522"}],"wp:featuredmedia":[{"embeddable":true,"href":"https:\/\/irankiuzona.lt\/ru\/wp-json\/wp\/v2\/media\/295220"}],"wp:attachment":[{"href":"https:\/\/irankiuzona.lt\/ru\/wp-json\/wp\/v2\/media?parent=295218"}],"wp:term":[{"taxonomy":"product_cat","embeddable":true,"href":"https:\/\/irankiuzona.lt\/ru\/wp-json\/wp\/v2\/product_cat?post=295218"},{"taxonomy":"product_tag","embeddable":true,"href":"https:\/\/irankiuzona.lt\/ru\/wp-json\/wp\/v2\/product_tag?post=295218"}],"curies":[{"name":"wp","href":"https:\/\/api.w.org\/{rel}","templated":true}]}}