{"id":295231,"date":"2024-09-29T08:10:37","date_gmt":"2024-09-29T08:10:37","guid":{"rendered":"https:\/\/irankiuzona.lt\/product\/tarpiniu-rieboksliu-isemimo-komplektas\/"},"modified":"2026-04-14T19:28:40","modified_gmt":"2026-04-14T19:28:40","slug":"tarpiniu-rieboksliu-isemimo-komplektas","status":"publish","type":"product","link":"https:\/\/irankiuzona.lt\/ru\/product\/tarpiniu-rieboksliu-isemimo-komplektas\/","title":{"rendered":"Tarpini\u0173 (riebok\u0161li\u0173) i\u0161\u0117mimo komplektas"},"content":{"rendered":"<p>Skirtas nuimti tepalines tarpines (riebok\u0161lius)<\/p>","protected":false},"excerpt":{"rendered":"<p>Tarpini\u0173 (riebok\u0161li\u0173) i\u0161\u0117mimo-i\u0161montaivmo komplektas \/ su atbuliniu plaktuku<\/p>","protected":false},"featured_media":295233,"comment_status":"open","ping_status":"open","template":"","meta":[],"product_cat":[9730],"product_tag":[9435],"class_list":{"0":"post-295231","1":"product","2":"type-product","3":"status-publish","4":"has-post-thumbnail","6":"product_brand-kinija","7":"product_cat-irankiai-rieboksliams","8":"product_tag-kinija","10":"first","11":"outofstock","12":"purchasable","13":"product-type-simple"},"jetpack_sharing_enabled":true,"_links":{"self":[{"href":"https:\/\/irankiuzona.lt\/ru\/wp-json\/wp\/v2\/product\/295231","targetHints":{"allow":["GET"]}}],"collection":[{"href":"https:\/\/irankiuzona.lt\/ru\/wp-json\/wp\/v2\/product"}],"about":[{"href":"https:\/\/irankiuzona.lt\/ru\/wp-json\/wp\/v2\/types\/product"}],"replies":[{"embeddable":true,"href":"https:\/\/irankiuzona.lt\/ru\/wp-json\/wp\/v2\/comments?post=295231"}],"version-history":[{"count":1,"href":"https:\/\/irankiuzona.lt\/ru\/wp-json\/wp\/v2\/product\/295231\/revisions"}],"predecessor-version":[{"id":417527,"href":"https:\/\/irankiuzona.lt\/ru\/wp-json\/wp\/v2\/product\/295231\/revisions\/417527"}],"wp:featuredmedia":[{"embeddable":true,"href":"https:\/\/irankiuzona.lt\/ru\/wp-json\/wp\/v2\/media\/295233"}],"wp:attachment":[{"href":"https:\/\/irankiuzona.lt\/ru\/wp-json\/wp\/v2\/media?parent=295231"}],"wp:term":[{"taxonomy":"product_cat","embeddable":true,"href":"https:\/\/irankiuzona.lt\/ru\/wp-json\/wp\/v2\/product_cat?post=295231"},{"taxonomy":"product_tag","embeddable":true,"href":"https:\/\/irankiuzona.lt\/ru\/wp-json\/wp\/v2\/product_tag?post=295231"}],"curies":[{"name":"wp","href":"https:\/\/api.w.org\/{rel}","templated":true}]}}