{"id":295252,"date":"2024-09-29T08:10:39","date_gmt":"2024-09-29T08:10:39","guid":{"rendered":"https:\/\/irankiuzona.lt\/product\/kuginis-graztas-55-7mm-pakaitinimo-zvakems\/"},"modified":"2026-04-12T22:54:29","modified_gmt":"2026-04-12T22:54:29","slug":"kuginis-graztas-55-7mm-pakaitinimo-zvakems","status":"publish","type":"product","link":"https:\/\/irankiuzona.lt\/ru\/product\/kuginis-graztas-55-7mm-pakaitinimo-zvakems\/","title":{"rendered":"K\u016bginis gr\u0105\u017etas 5,5-7mm pakaitinimo \u017evak\u0117ms"},"content":{"rendered":"<p>5.5mm &#8211; 7mm<\/p>","protected":false},"excerpt":{"rendered":"<p>K\u016bginis gr\u0105\u017etas 5,5-7mm pakaitinimo \u017evak\u0117ms \/ titano nitrido gr\u0105\u017etas<\/p>","protected":false},"featured_media":295254,"comment_status":"open","ping_status":"open","template":"","meta":[],"product_cat":[9699],"product_tag":[9462],"class_list":{"0":"post-295252","1":"product","2":"type-product","3":"status-publish","4":"has-post-thumbnail","6":"product_brand-condor-werkzeug-vokietija","7":"product_cat-uzluzusiu-zvakiu-remontui","8":"product_tag-condor-werkzeug-vokietija","10":"first","11":"outofstock","12":"purchasable","13":"product-type-simple"},"jetpack_sharing_enabled":true,"_links":{"self":[{"href":"https:\/\/irankiuzona.lt\/ru\/wp-json\/wp\/v2\/product\/295252","targetHints":{"allow":["GET"]}}],"collection":[{"href":"https:\/\/irankiuzona.lt\/ru\/wp-json\/wp\/v2\/product"}],"about":[{"href":"https:\/\/irankiuzona.lt\/ru\/wp-json\/wp\/v2\/types\/product"}],"replies":[{"embeddable":true,"href":"https:\/\/irankiuzona.lt\/ru\/wp-json\/wp\/v2\/comments?post=295252"}],"version-history":[{"count":1,"href":"https:\/\/irankiuzona.lt\/ru\/wp-json\/wp\/v2\/product\/295252\/revisions"}],"predecessor-version":[{"id":417534,"href":"https:\/\/irankiuzona.lt\/ru\/wp-json\/wp\/v2\/product\/295252\/revisions\/417534"}],"wp:featuredmedia":[{"embeddable":true,"href":"https:\/\/irankiuzona.lt\/ru\/wp-json\/wp\/v2\/media\/295254"}],"wp:attachment":[{"href":"https:\/\/irankiuzona.lt\/ru\/wp-json\/wp\/v2\/media?parent=295252"}],"wp:term":[{"taxonomy":"product_cat","embeddable":true,"href":"https:\/\/irankiuzona.lt\/ru\/wp-json\/wp\/v2\/product_cat?post=295252"},{"taxonomy":"product_tag","embeddable":true,"href":"https:\/\/irankiuzona.lt\/ru\/wp-json\/wp\/v2\/product_tag?post=295252"}],"curies":[{"name":"wp","href":"https:\/\/api.w.org\/{rel}","templated":true}]}}