{"id":295255,"date":"2024-09-29T08:10:39","date_gmt":"2024-09-29T08:10:39","guid":{"rendered":"https:\/\/irankiuzona.lt\/product\/paraloninis-deklas-raktam-vezimeliui\/"},"modified":"2026-04-13T01:40:58","modified_gmt":"2026-04-13T01:40:58","slug":"paraloninis-deklas-raktam-vezimeliui","status":"publish","type":"product","link":"https:\/\/irankiuzona.lt\/ru\/product\/paraloninis-deklas-raktam-vezimeliui\/","title":{"rendered":"Paraloninis d\u0117klas raktam  ve\u017eim\u0117liui"},"content":{"rendered":"<p>\u012ed\u0117klo dydis stal\u010diuje -36x375x395 mm<\/p>","protected":false},"excerpt":{"rendered":"<p>Paraloninis d\u0117klas raktam\u00a0 ve\u017eim\u0117liui<\/p>","protected":false},"featured_media":295257,"comment_status":"open","ping_status":"open","template":"","meta":[],"product_cat":[9870],"product_tag":[9462],"class_list":{"0":"post-295255","1":"product","2":"type-product","3":"status-publish","4":"has-post-thumbnail","6":"product_brand-condor-werkzeug-vokietija","7":"product_cat-deklai-i-vezimus-su-irankiais-ir-tusti","8":"product_tag-condor-werkzeug-vokietija","10":"first","11":"instock","12":"purchasable","13":"product-type-simple"},"jetpack_sharing_enabled":true,"_links":{"self":[{"href":"https:\/\/irankiuzona.lt\/ru\/wp-json\/wp\/v2\/product\/295255","targetHints":{"allow":["GET"]}}],"collection":[{"href":"https:\/\/irankiuzona.lt\/ru\/wp-json\/wp\/v2\/product"}],"about":[{"href":"https:\/\/irankiuzona.lt\/ru\/wp-json\/wp\/v2\/types\/product"}],"replies":[{"embeddable":true,"href":"https:\/\/irankiuzona.lt\/ru\/wp-json\/wp\/v2\/comments?post=295255"}],"version-history":[{"count":1,"href":"https:\/\/irankiuzona.lt\/ru\/wp-json\/wp\/v2\/product\/295255\/revisions"}],"predecessor-version":[{"id":417535,"href":"https:\/\/irankiuzona.lt\/ru\/wp-json\/wp\/v2\/product\/295255\/revisions\/417535"}],"wp:featuredmedia":[{"embeddable":true,"href":"https:\/\/irankiuzona.lt\/ru\/wp-json\/wp\/v2\/media\/295257"}],"wp:attachment":[{"href":"https:\/\/irankiuzona.lt\/ru\/wp-json\/wp\/v2\/media?parent=295255"}],"wp:term":[{"taxonomy":"product_cat","embeddable":true,"href":"https:\/\/irankiuzona.lt\/ru\/wp-json\/wp\/v2\/product_cat?post=295255"},{"taxonomy":"product_tag","embeddable":true,"href":"https:\/\/irankiuzona.lt\/ru\/wp-json\/wp\/v2\/product_tag?post=295255"}],"curies":[{"name":"wp","href":"https:\/\/api.w.org\/{rel}","templated":true}]}}