{"id":295275,"date":"2024-09-29T08:10:41","date_gmt":"2024-09-29T08:10:41","guid":{"rendered":"https:\/\/irankiuzona.lt\/product\/klijai-metalui-dvieju-komponentu-permatex\/"},"modified":"2026-05-14T20:24:55","modified_gmt":"2026-05-14T20:24:55","slug":"klijai-metalui-dvieju-komponentu-permatex","status":"publish","type":"product","link":"https:\/\/irankiuzona.lt\/ru\/product\/klijai-metalui-dvieju-komponentu-permatex\/","title":{"rendered":"Klijai metalui dviej\u0173 komponent\u0173 \/ Permatex"},"content":{"rendered":"<p>Klijai metalui dviej\u0173 komponent\u0173, epoksidin\u0117 25ml.Pritaikymas: nutek\u0117jimui, \u012ftr\u016bkimai; greitai kiet\u0117jantis, skirtas mechaniniam apdirbimuiPavadinimas: Klijai metaluiPapildoma informacija: skirtas mechaniniam apdirbimuiSpalva: SkaidrusPapildoma informacija: greitai kiet\u0117jantisTalpa: 25ml<\/p>","protected":false},"excerpt":{"rendered":"<p>Klijai metalui dviej\u0173 komponent\u0173, epoksidin\u0117 25ml \/ PERMATEX PER60-021<\/p>","protected":false},"featured_media":295277,"comment_status":"open","ping_status":"open","template":"","meta":[],"product_cat":[9824],"product_tag":[],"class_list":{"0":"post-295275","1":"product","2":"type-product","3":"status-publish","4":"has-post-thumbnail","6":"product_cat-autochemija","8":"first","9":"outofstock","10":"purchasable","11":"product-type-simple"},"jetpack_sharing_enabled":true,"_links":{"self":[{"href":"https:\/\/irankiuzona.lt\/ru\/wp-json\/wp\/v2\/product\/295275","targetHints":{"allow":["GET"]}}],"collection":[{"href":"https:\/\/irankiuzona.lt\/ru\/wp-json\/wp\/v2\/product"}],"about":[{"href":"https:\/\/irankiuzona.lt\/ru\/wp-json\/wp\/v2\/types\/product"}],"replies":[{"embeddable":true,"href":"https:\/\/irankiuzona.lt\/ru\/wp-json\/wp\/v2\/comments?post=295275"}],"version-history":[{"count":1,"href":"https:\/\/irankiuzona.lt\/ru\/wp-json\/wp\/v2\/product\/295275\/revisions"}],"predecessor-version":[{"id":417542,"href":"https:\/\/irankiuzona.lt\/ru\/wp-json\/wp\/v2\/product\/295275\/revisions\/417542"}],"wp:featuredmedia":[{"embeddable":true,"href":"https:\/\/irankiuzona.lt\/ru\/wp-json\/wp\/v2\/media\/295277"}],"wp:attachment":[{"href":"https:\/\/irankiuzona.lt\/ru\/wp-json\/wp\/v2\/media?parent=295275"}],"wp:term":[{"taxonomy":"product_cat","embeddable":true,"href":"https:\/\/irankiuzona.lt\/ru\/wp-json\/wp\/v2\/product_cat?post=295275"},{"taxonomy":"product_tag","embeddable":true,"href":"https:\/\/irankiuzona.lt\/ru\/wp-json\/wp\/v2\/product_tag?post=295275"}],"curies":[{"name":"wp","href":"https:\/\/api.w.org\/{rel}","templated":true}]}}