{"id":295328,"date":"2024-09-29T08:10:45","date_gmt":"2024-09-29T08:10:45","guid":{"rendered":"https:\/\/irankiuzona.lt\/product\/zirkles-skardai-elektrines-500w-5mm\/"},"modified":"2026-04-13T03:35:24","modified_gmt":"2026-04-13T03:35:24","slug":"zirkles-skardai-elektrines-500w-5mm","status":"publish","type":"product","link":"https:\/\/irankiuzona.lt\/ru\/product\/zirkles-skardai-elektrines-500w-5mm\/","title":{"rendered":"\u017dirkl\u0117s skardai elektrin\u0117s 500W 5mm"},"content":{"rendered":"<p>Steel up to 400 N\/mm2 (Mild Steel): 1,6 mmSteel up to 600 N\/mm2 (Stainless Steel): 1,2 mmNon-ferrous metals up to 200 N\/mm2: 2,3 mmMinimal Cutting Radius: 40 mmCutting Width: 5 mmPackage Contents:500WService wrenchHex key2pcs carbon brush<\/p>","protected":false},"excerpt":{"rendered":"<p>\u017dirkl\u0117s skardai elektrin\u0117s 500W 5mm<\/p>","protected":false},"featured_media":295330,"comment_status":"open","ping_status":"open","template":"","meta":[],"product_cat":[9968],"product_tag":[9435],"class_list":{"0":"post-295328","1":"product","2":"type-product","3":"status-publish","4":"has-post-thumbnail","6":"product_brand-kinija","7":"product_cat-stakles-metalo-apdirbimui","8":"product_tag-kinija","10":"first","11":"outofstock","12":"purchasable","13":"product-type-simple"},"jetpack_sharing_enabled":true,"_links":{"self":[{"href":"https:\/\/irankiuzona.lt\/ru\/wp-json\/wp\/v2\/product\/295328","targetHints":{"allow":["GET"]}}],"collection":[{"href":"https:\/\/irankiuzona.lt\/ru\/wp-json\/wp\/v2\/product"}],"about":[{"href":"https:\/\/irankiuzona.lt\/ru\/wp-json\/wp\/v2\/types\/product"}],"replies":[{"embeddable":true,"href":"https:\/\/irankiuzona.lt\/ru\/wp-json\/wp\/v2\/comments?post=295328"}],"version-history":[{"count":1,"href":"https:\/\/irankiuzona.lt\/ru\/wp-json\/wp\/v2\/product\/295328\/revisions"}],"predecessor-version":[{"id":417556,"href":"https:\/\/irankiuzona.lt\/ru\/wp-json\/wp\/v2\/product\/295328\/revisions\/417556"}],"wp:featuredmedia":[{"embeddable":true,"href":"https:\/\/irankiuzona.lt\/ru\/wp-json\/wp\/v2\/media\/295330"}],"wp:attachment":[{"href":"https:\/\/irankiuzona.lt\/ru\/wp-json\/wp\/v2\/media?parent=295328"}],"wp:term":[{"taxonomy":"product_cat","embeddable":true,"href":"https:\/\/irankiuzona.lt\/ru\/wp-json\/wp\/v2\/product_cat?post=295328"},{"taxonomy":"product_tag","embeddable":true,"href":"https:\/\/irankiuzona.lt\/ru\/wp-json\/wp\/v2\/product_tag?post=295328"}],"curies":[{"name":"wp","href":"https:\/\/api.w.org\/{rel}","templated":true}]}}