{"id":295340,"date":"2024-09-29T08:10:47","date_gmt":"2024-09-29T08:10:47","guid":{"rendered":"https:\/\/irankiuzona.lt\/product\/variklio-blokavimo-komplekas-vag-benz-dyzel-tdi-pd\/"},"modified":"2026-04-22T00:18:40","modified_gmt":"2026-04-22T00:18:40","slug":"variklio-blokavimo-komplekas-vag-benz-dyzel-tdi-pd","status":"publish","type":"product","link":"https:\/\/irankiuzona.lt\/ru\/product\/variklio-blokavimo-komplekas-vag-benz-dyzel-tdi-pd\/","title":{"rendered":"Variklio blokavimo komplekas VAG benz+ dyzel TDI-PD"},"content":{"rendered":"<p>\u2022Alk\u016bninio fiksatorius Audi 1.2. 1.4, 1.9, 2.0 TDI PD, Seat 1.4, 1.9, 2.0 TDI PD, Skoda 1.4, 1.9, 2.0 TDI PD, VW 1.4, 1.9, 2.0 TDI PD, 2.0 SDI\u2022Kuro siurblio fiksatorius Audi 1.9, 2.5, 2.7, 3.0 TDI, 3.0 TDI CR, 1.9, 2.0 TDI PD, Seat 1.4, 1.9, 2.0 TDI PD, 2.0 TDI PD FR, 2.0 TDI PD FT4, 1.9 SDI, 1.9 TDI, Skoda 1.4, 1.9, 2.0 TDI PD, 1.9 TDI PD vRS, 1.9 SDI, 1.9 TDI, 2.5 TDI, VW 1.2, 1.4, 1.9, 2.0, 3.0 TDI PD, 1.4 TDI PD BM, 1.9, 2.5, 3.0 TDI, 3.0 TDI CR, 1.9, 2.0 SDI, 1.9 TD, 1.9 D\u2022Dantyto dir\u017eo \u0161ablonas benzininiams Audi 1.8 Turbo, 2.0 FSI, 2.0, 1.2, 1.4, 1.9 TDI PD, Seat 1.8 Turbo, 1.4, 1.9 TDI PD, Skoda 1.8 Turbo, 1.9 TDI PD, VW 1.8 Turbo, 2.0 V20, 1.8 GTI, varikliams 1.2, 1.4, 1.9 TDI PD\u2022Alk\u016bninio fiksatorius benzininiams Audi 2.8 V30, 2.7 Turbo, 4.2 V40, 4.2, 5.2 FSI, 2.4, 2.6, 2.7, 2.8, 4.2, 6.0, benzininiams. 2.5, 2.7, 3.0 TDI, 3.0 TDI CR, VW 4.0 W8, 4.2 FSI, 2.8, 4.2, 6.0, varikliams 2.5, 3.0 TDI, 3.0 TDI PD, 3.0 TDI CR\u2022Fiksatoriai Audi 2.5 TDI, VW 2.5 TDi\u2022\u012erankis priekinei penelei Audi 1.6, 1.8, 2.0, 2.4, 2.6, 2.8, 3.0, 4.2, 2.8 V30, 2.0 FSI, 2.0 TFSI, 1.8, 2.7 Turbo, varikliams 2.0 TD. 1.9, 2.5 TDI, 1.9, 2.0 TDI PD, VW 1.8 Turbo, benzininiams 1.6, 1.8, 2.0, 2.8, varikliams 1.9 TDI PD, 1.9, 2.5 TDI\u2022Raktas 21mm\u2022\u012etempiklis 4.4mm\u2022Fiksatoriai 1.6, 1.9, 2.0, 2.4 D, 2.0, 2.5 TD, 2.5 TDI, Seat 1.9 D, TD, TDI, 1.7, 1.9 SDI, Skoda 1.9 D, VW 1.3, 1.6, 2.4 D, 1.6, 1.9, 2.4 TD, 1.9, 2.5 TDI, 1.7, 1.9 SDI\u2022Fiksatorius benzininiams varikliams Audi 1.9 SDI\/TDI, Seat 2.3, varikliams 1.9 SDI, TDI, Skoda 1.9 SDI, VW 1.9 SDI, TDI\u2022Fiksatorius Seat 1.2 V6\/V12, Skoda 1.2 V6\/V12, VW 1.2 V6, V12\u2022Fiksatorius benzininiams Seat 1.2 V6, V12, Skoda 1.2 V6, V12, VW 1.2 V6, V12\u2022Fiksatorius Audi 1.9, 2.0 TDI PD, Seat 1.9, 2.0 TDI PD, Skoda 1.9, 2.0 TDI PD, VW 1.9, 2.0 TDI PD\u2022Grandin\u0117s \u012ftemp\u0117jas varikliams Audi 1.8 Turbo, 1.8, 2.0, 3.7, 4.2, Seat 1.8 Turbo, 1.4, 1.6 V16, 1.8 Cupra R, 1.4, 1.8, 2.3, 1.9, 2.0 TDI PD, 1.7, 1.9 SDI, Skoda 1.8 Turbo, 1.8 Turbo V20 RS, VW 1.8 Turbo, 2.0 v20, 1.8\u2022\u012erankis skremulio reguliavimuiTinka:\u2022Audi 80, 80 Quattro, 90, 100, 100 Quattro, 200, A2, A3, A4, A4 Cabrio, A4 Quattro, A6, A6 Quattro, A6 Allroad, A8, Allroad, Q7, R8, RS4, RS6, S4, S4 Cabrio, S5, S5 Cabrio, S6, S8\u2022Seat Alhambra, Altea, Altea XL, Arosa, Cordoba, Ibiza, Inca, Leon, Toledo\u2022Skoda Fabia I-II, Felicia, Felicia Van, Felicia Pick-up, Octavia I-II, Octavia Tour, Roomster, Superb\u2022VW Beetle, Bora, Caddy, Caddy Maxi, Caddy Pick-up, Eos, Fox, Golf, Jetta, Lupo, Passat, Phaeton, Polo, Polo Classic, Sharan, Santana, Tiguan, Tuareg, Touran, Transporter, VentoVarikli\u0173 kodai:\u2022Audi 1T, 1Y, 1Z\/AHU, 3D, AAH, AAS, AAT, AAZ, ABC, ABP, ACK, ADP, ADR, AEB, AEL, AFB, AFF, AFN, AFV, AGA,AGB, AGE, AGP, AGR, AHF, AHH, AHL, AHU, AJG, AJK, AJL, AJM, AKE, AKN, ALF, ALG, ALH, ALT, ALW, ALZ, AMB, AMF, AML, AMM, AMX, ANA, ANB, ANK, ANY, APC, APR, APS, APT, APU, APZ, AQD, AQF, AQH, AQJ, AQM, ARE, ARG, ARJ, ARM, ARN, ARS, ARU, ASB, ASE, ASG, ASJ, ASM, ASV, ASY, ASZ, ATD, ATJ, ATL, ATX, AUW, AVB, AVF, AVG, AVJ, AVN, AVV, AWA, AWN, AWT, AWX, AWY, AXR, AYM, AZA, AZB, AZC, AZQ, AZR, BAR, BAS, BAT, BAU, BBK, BCY, BCZ, BDG, BDH, BDV, BES, BEX, BFB, BFC, BGB, BHC, BHF, BKC, BKE, BKN, BLB, BMD, BME, BMK, BMZ, BNA, BNG, BNS, BPG, BPJ, BPP, BPW, BRB, BRC, BRD, BRE, BRF, BRV, BSB, BSG, BSM, BTH, BUG, BUH, BUL, BUN, BVA, BVF, BVG, BVJ, BWE, BXA, BYH, BZG, CAPA, CAUA, CN, CY, DE, JK, NC, RA, SB, Z1\u2022Seat 1Y, 1Z, AAZ, AEY, AFN, AGP, AGR, AGZ, AHF, AHU, AKW, ALH, AMF, ANU, AQM, ARL, ASV, ASY, ASZ, ATD, AUY, AVG, AWY, AXR, AYQ, AZQ, AZV, BBU, BJB, BJX, BKC, BKD, BKV, BLS, BLT, BLZ, BMD, BME, BMM, BMN, BMS, BMT, BNM, BNV, BPX, BRT, BSW, BTB, BUK, BVH, BVK, BXE, BZG\u2022Skoda ABV, AEF, AGP, AGR, AHF, AHL, ALH, AMF, AQM, ASV, ASY, ASZ, ATD, AVB, AVF, AWX, AXR, AYM, AZV, BDG, BJB, BKC, BKD, BLS, BLT, BMM, BMS, BNM, BNV, BSW\u2022VW 1G, 1S, 1V, 1W, 1X, 1Y, 1Z, 1Z\/AUH, AAB, AAZ, ABL, ACK, ACL, ACT, ACV, ADP, ADR, AEB, AEF, AEY, AFB, AFN, AGD, AGE, AGP, AGR, AHB, AHD, AHF, AHG, AHH, AHL, AHU, AHY, AJA, AJM, AJT, AKD, AKN, AKU, AKW, ALE, ALG, ALH, ALT, ALZ, AMF, AMX, ANA, ANB, ANJ, ANU, ANY, APA, APR, APT, APU, AQD, AQM, ARG, ARL, ARM, ASV, ASX, ASY, ASZ, ATD, ATJ, ATU, ATX, AUF, AUH, AUY, AVB, AVF, AVG, AVQ, AVR, AWF, AWG, AWT, AWX, AWY, AXB, AXC, AXG, AXL, AXQ, AXR, AYC, AYQ, AYZ, AZM, AZQ, AZV, AZV, BAN, BAP, BAR, BAU, BAY, BBE,BBF, BBG, BDH, BDJ, BKD, BDN, BGW, BHW, BHX, BJB, BJJ, BJK, BJM, BJN, BJX, BJZ, BKC, BKD, BKP, BKS, BLS, BLT, BMA, BMD, BME, BMK, BMM, BMN, BMP, BMR, BMS, BMT, BNM, BNV, BRM, BRN, BRP, BRR, BRS, BRT, BRU, BST, BSU, BTB, BTT, BUK, BUN, BUZ, BVE, BVK, BVW, BWB, BWV, BXE, BXF, BZG,CARA, CASA, CASB, CR, CS, CY, DV, DW, JK, JP, JR, JX, KY, ME, MN, RA, SB, SSG, X1, Z1\/AHU<\/p>","protected":false},"excerpt":{"rendered":"<p>Variklio\u00a0fiksavimo komplekas VAG\/Volkswagen\/Audi\/Skoda\/Seat automobiliams. degimo nustatymo komplektas<\/p>","protected":false},"featured_media":295342,"comment_status":"open","ping_status":"open","template":"","meta":[],"product_cat":[9543],"product_tag":[9435],"class_list":{"0":"post-295340","1":"product","2":"type-product","3":"status-publish","4":"has-post-thumbnail","6":"product_brand-kinija","7":"product_cat-vag-vw-skoda-blokatoriai","8":"product_tag-kinija","10":"first","11":"outofstock","12":"purchasable","13":"product-type-simple"},"jetpack_sharing_enabled":true,"_links":{"self":[{"href":"https:\/\/irankiuzona.lt\/ru\/wp-json\/wp\/v2\/product\/295340","targetHints":{"allow":["GET"]}}],"collection":[{"href":"https:\/\/irankiuzona.lt\/ru\/wp-json\/wp\/v2\/product"}],"about":[{"href":"https:\/\/irankiuzona.lt\/ru\/wp-json\/wp\/v2\/types\/product"}],"replies":[{"embeddable":true,"href":"https:\/\/irankiuzona.lt\/ru\/wp-json\/wp\/v2\/comments?post=295340"}],"version-history":[{"count":1,"href":"https:\/\/irankiuzona.lt\/ru\/wp-json\/wp\/v2\/product\/295340\/revisions"}],"predecessor-version":[{"id":417560,"href":"https:\/\/irankiuzona.lt\/ru\/wp-json\/wp\/v2\/product\/295340\/revisions\/417560"}],"wp:featuredmedia":[{"embeddable":true,"href":"https:\/\/irankiuzona.lt\/ru\/wp-json\/wp\/v2\/media\/295342"}],"wp:attachment":[{"href":"https:\/\/irankiuzona.lt\/ru\/wp-json\/wp\/v2\/media?parent=295340"}],"wp:term":[{"taxonomy":"product_cat","embeddable":true,"href":"https:\/\/irankiuzona.lt\/ru\/wp-json\/wp\/v2\/product_cat?post=295340"},{"taxonomy":"product_tag","embeddable":true,"href":"https:\/\/irankiuzona.lt\/ru\/wp-json\/wp\/v2\/product_tag?post=295340"}],"curies":[{"name":"wp","href":"https:\/\/api.w.org\/{rel}","templated":true}]}}