{"id":295346,"date":"2024-09-29T08:10:47","date_gmt":"2024-09-29T08:10:47","guid":{"rendered":"https:\/\/irankiuzona.lt\/product\/atramos-piramides-dazymui\/"},"modified":"2026-04-21T11:55:18","modified_gmt":"2026-04-21T11:55:18","slug":"atramos-piramides-dazymui","status":"publish","type":"product","link":"https:\/\/irankiuzona.lt\/ru\/product\/atramos-piramides-dazymui\/","title":{"rendered":"Atramos-piramid\u0117s da\u017eymui"},"content":{"rendered":"<p>Descriptiondimensions: 50 x 60 mmmax. load: 90 kgsaves time and effortthe free-height pyramids are a long-lasting and versatile help that can lift your workpiece and work surface from the ground for painting and craftinguse the clamps to secure them together when working on small work pieces.the workpieces are touched minimally on the bottom only by the tips of the pyramidsTechnical dataGross weight 90 gPackaging suitable for wall hanging Yes<\/p>","protected":false},"excerpt":{"rendered":"<p>Atramos da\u017eymui piramid\u0117s da\u017eymo darbams 10 vnt<\/p>","protected":false},"featured_media":295348,"comment_status":"open","ping_status":"open","template":"","meta":[],"product_cat":[9998],"product_tag":[9435],"class_list":{"0":"post-295346","1":"product","2":"type-product","3":"status-publish","4":"has-post-thumbnail","6":"product_brand-kinija","7":"product_cat-patalpu-remonto-irankiai-maisai-tentai-peiliukai-markeriai-izoliacines-juostos","8":"product_tag-kinija","10":"first","11":"instock","12":"purchasable","13":"product-type-simple"},"jetpack_sharing_enabled":true,"_links":{"self":[{"href":"https:\/\/irankiuzona.lt\/ru\/wp-json\/wp\/v2\/product\/295346","targetHints":{"allow":["GET"]}}],"collection":[{"href":"https:\/\/irankiuzona.lt\/ru\/wp-json\/wp\/v2\/product"}],"about":[{"href":"https:\/\/irankiuzona.lt\/ru\/wp-json\/wp\/v2\/types\/product"}],"replies":[{"embeddable":true,"href":"https:\/\/irankiuzona.lt\/ru\/wp-json\/wp\/v2\/comments?post=295346"}],"version-history":[{"count":1,"href":"https:\/\/irankiuzona.lt\/ru\/wp-json\/wp\/v2\/product\/295346\/revisions"}],"predecessor-version":[{"id":417562,"href":"https:\/\/irankiuzona.lt\/ru\/wp-json\/wp\/v2\/product\/295346\/revisions\/417562"}],"wp:featuredmedia":[{"embeddable":true,"href":"https:\/\/irankiuzona.lt\/ru\/wp-json\/wp\/v2\/media\/295348"}],"wp:attachment":[{"href":"https:\/\/irankiuzona.lt\/ru\/wp-json\/wp\/v2\/media?parent=295346"}],"wp:term":[{"taxonomy":"product_cat","embeddable":true,"href":"https:\/\/irankiuzona.lt\/ru\/wp-json\/wp\/v2\/product_cat?post=295346"},{"taxonomy":"product_tag","embeddable":true,"href":"https:\/\/irankiuzona.lt\/ru\/wp-json\/wp\/v2\/product_tag?post=295346"}],"curies":[{"name":"wp","href":"https:\/\/api.w.org\/{rel}","templated":true}]}}