{"id":295511,"date":"2024-09-29T08:20:04","date_gmt":"2024-09-29T08:20:04","guid":{"rendered":"https:\/\/irankiuzona.lt\/product\/ilgu-galvuciu-komplektas-3-8-12k-8-19mm\/"},"modified":"2026-04-14T18:25:00","modified_gmt":"2026-04-14T18:25:00","slug":"ilgu-galvuciu-komplektas-3-8-12k-8-19mm","status":"publish","type":"product","link":"https:\/\/irankiuzona.lt\/ru\/product\/ilgu-galvuciu-komplektas-3-8-12k-8-19mm\/","title":{"rendered":"Ilg\u0173 galvu\u010di\u0173 komplektas 3\/8&quot; 12k. \/ 8-19mm"},"content":{"rendered":"<p>Komplekte: 8-10-11-12-13-14-15-16-17-18-19 mm11pcs deep socket set 3\/8&quot; Dr. 12pt, 8 &#8211; 19mm, CRV<\/p>","protected":false},"excerpt":{"rendered":"<p>Dvylikakampi\u0173 3\/8 ilg\u0173 galvu\u010di\u0173 komplektas dvylikakamp\u0117s \/ 12-kamp\u0117s\u00a0\/ 8-19mm<\/p>","protected":false},"featured_media":295513,"comment_status":"open","ping_status":"open","template":"","meta":[],"product_cat":[9497],"product_tag":[9778],"class_list":{"0":"post-295511","1":"product","2":"type-product","3":"status-publish","4":"has-post-thumbnail","6":"product_brand-triumf-professional-tools-slovakija","7":"product_cat-3-8-10-mm-galvuciu-komplektai","8":"product_tag-triumf-professional-tools-slovakija","10":"first","11":"outofstock","12":"purchasable","13":"product-type-simple"},"jetpack_sharing_enabled":true,"_links":{"self":[{"href":"https:\/\/irankiuzona.lt\/ru\/wp-json\/wp\/v2\/product\/295511","targetHints":{"allow":["GET"]}}],"collection":[{"href":"https:\/\/irankiuzona.lt\/ru\/wp-json\/wp\/v2\/product"}],"about":[{"href":"https:\/\/irankiuzona.lt\/ru\/wp-json\/wp\/v2\/types\/product"}],"replies":[{"embeddable":true,"href":"https:\/\/irankiuzona.lt\/ru\/wp-json\/wp\/v2\/comments?post=295511"}],"version-history":[{"count":1,"href":"https:\/\/irankiuzona.lt\/ru\/wp-json\/wp\/v2\/product\/295511\/revisions"}],"predecessor-version":[{"id":417612,"href":"https:\/\/irankiuzona.lt\/ru\/wp-json\/wp\/v2\/product\/295511\/revisions\/417612"}],"wp:featuredmedia":[{"embeddable":true,"href":"https:\/\/irankiuzona.lt\/ru\/wp-json\/wp\/v2\/media\/295513"}],"wp:attachment":[{"href":"https:\/\/irankiuzona.lt\/ru\/wp-json\/wp\/v2\/media?parent=295511"}],"wp:term":[{"taxonomy":"product_cat","embeddable":true,"href":"https:\/\/irankiuzona.lt\/ru\/wp-json\/wp\/v2\/product_cat?post=295511"},{"taxonomy":"product_tag","embeddable":true,"href":"https:\/\/irankiuzona.lt\/ru\/wp-json\/wp\/v2\/product_tag?post=295511"}],"curies":[{"name":"wp","href":"https:\/\/api.w.org\/{rel}","templated":true}]}}