{"id":295541,"date":"2024-09-29T08:20:07","date_gmt":"2024-09-29T08:20:07","guid":{"rendered":"https:\/\/irankiuzona.lt\/product\/spec-galvutes-bmw-ratu-slapukams-atsukti-10daliu\/"},"modified":"2026-04-12T17:27:34","modified_gmt":"2026-04-12T17:27:34","slug":"spec-galvutes-bmw-ratu-slapukams-atsukti-10daliu","status":"publish","type":"product","link":"https:\/\/irankiuzona.lt\/ru\/product\/spec-galvutes-bmw-ratu-slapukams-atsukti-10daliu\/","title":{"rendered":"Spec. galvut\u0117s BMW rat\u0173 slapukams atsukti \/ 10dali\u0173"},"content":{"rendered":"<p>10pcs BMW Wheel lock screw removal set30\/13PT &#8211; 31\/15PT &#8211; 32\/16PT &#8211; 33\/17PT &#8211; 34\/18PT &#8211; 35\/19PT &#8211; 36\/20PT &#8211; 37\/21PT &#8211; 38\/22PT &#8211; 40\/23PT<\/p>","protected":false},"excerpt":{"rendered":"<p>Spec. galvu\u010di\u0173 komplektas BMW rat\u0173 slapukams atsukti \/ 10dali\u0173<\/p>","protected":false},"featured_media":295543,"comment_status":"open","ping_status":"open","template":"","meta":[],"product_cat":[9797],"product_tag":[9778],"class_list":{"0":"post-295541","1":"product","2":"type-product","3":"status-publish","4":"has-post-thumbnail","6":"product_brand-triumf-professional-tools-slovakija","7":"product_cat-irankiai-ratu-slapukams-atsukti","8":"product_tag-triumf-professional-tools-slovakija","10":"first","11":"outofstock","12":"purchasable","13":"product-type-simple"},"jetpack_sharing_enabled":true,"_links":{"self":[{"href":"https:\/\/irankiuzona.lt\/ru\/wp-json\/wp\/v2\/product\/295541","targetHints":{"allow":["GET"]}}],"collection":[{"href":"https:\/\/irankiuzona.lt\/ru\/wp-json\/wp\/v2\/product"}],"about":[{"href":"https:\/\/irankiuzona.lt\/ru\/wp-json\/wp\/v2\/types\/product"}],"replies":[{"embeddable":true,"href":"https:\/\/irankiuzona.lt\/ru\/wp-json\/wp\/v2\/comments?post=295541"}],"version-history":[{"count":1,"href":"https:\/\/irankiuzona.lt\/ru\/wp-json\/wp\/v2\/product\/295541\/revisions"}],"predecessor-version":[{"id":417622,"href":"https:\/\/irankiuzona.lt\/ru\/wp-json\/wp\/v2\/product\/295541\/revisions\/417622"}],"wp:featuredmedia":[{"embeddable":true,"href":"https:\/\/irankiuzona.lt\/ru\/wp-json\/wp\/v2\/media\/295543"}],"wp:attachment":[{"href":"https:\/\/irankiuzona.lt\/ru\/wp-json\/wp\/v2\/media?parent=295541"}],"wp:term":[{"taxonomy":"product_cat","embeddable":true,"href":"https:\/\/irankiuzona.lt\/ru\/wp-json\/wp\/v2\/product_cat?post=295541"},{"taxonomy":"product_tag","embeddable":true,"href":"https:\/\/irankiuzona.lt\/ru\/wp-json\/wp\/v2\/product_tag?post=295541"}],"curies":[{"name":"wp","href":"https:\/\/api.w.org\/{rel}","templated":true}]}}