{"id":295550,"date":"2024-09-29T08:20:08","date_gmt":"2024-09-29T08:20:08","guid":{"rendered":"https:\/\/irankiuzona.lt\/product\/ipresuotas-antgalis-plokscias-8mm-1-2\/"},"modified":"2026-03-28T12:21:34","modified_gmt":"2026-03-28T12:21:34","slug":"ipresuotas-antgalis-plokscias-8mm-1-2","status":"publish","type":"product","link":"https:\/\/irankiuzona.lt\/ru\/product\/ipresuotas-antgalis-plokscias-8mm-1-2\/","title":{"rendered":"\u012epresuotas antgalis plok\u0161\u010dias 8mm 1\/2"},"content":{"rendered":"","protected":false},"excerpt":{"rendered":"<p>\u012epresuotas antgalis SL8 x 55mm \/ 1\/2 lizdas<\/p>","protected":false},"featured_media":295552,"comment_status":"open","ping_status":"open","template":"","meta":[],"product_cat":[9487],"product_tag":[9778],"class_list":{"0":"post-295550","1":"product","2":"type-product","3":"status-publish","4":"has-post-thumbnail","6":"product_brand-triumf-professional-tools-slovakija","7":"product_cat-ipresuoti-atsuktuvu-antgaliai-ph-pz-sl","8":"product_tag-triumf-professional-tools-slovakija","10":"first","11":"outofstock","12":"purchasable","13":"product-type-simple"},"jetpack_sharing_enabled":true,"_links":{"self":[{"href":"https:\/\/irankiuzona.lt\/ru\/wp-json\/wp\/v2\/product\/295550","targetHints":{"allow":["GET"]}}],"collection":[{"href":"https:\/\/irankiuzona.lt\/ru\/wp-json\/wp\/v2\/product"}],"about":[{"href":"https:\/\/irankiuzona.lt\/ru\/wp-json\/wp\/v2\/types\/product"}],"replies":[{"embeddable":true,"href":"https:\/\/irankiuzona.lt\/ru\/wp-json\/wp\/v2\/comments?post=295550"}],"version-history":[{"count":1,"href":"https:\/\/irankiuzona.lt\/ru\/wp-json\/wp\/v2\/product\/295550\/revisions"}],"predecessor-version":[{"id":417625,"href":"https:\/\/irankiuzona.lt\/ru\/wp-json\/wp\/v2\/product\/295550\/revisions\/417625"}],"wp:featuredmedia":[{"embeddable":true,"href":"https:\/\/irankiuzona.lt\/ru\/wp-json\/wp\/v2\/media\/295552"}],"wp:attachment":[{"href":"https:\/\/irankiuzona.lt\/ru\/wp-json\/wp\/v2\/media?parent=295550"}],"wp:term":[{"taxonomy":"product_cat","embeddable":true,"href":"https:\/\/irankiuzona.lt\/ru\/wp-json\/wp\/v2\/product_cat?post=295550"},{"taxonomy":"product_tag","embeddable":true,"href":"https:\/\/irankiuzona.lt\/ru\/wp-json\/wp\/v2\/product_tag?post=295550"}],"curies":[{"name":"wp","href":"https:\/\/api.w.org\/{rel}","templated":true}]}}