{"id":295613,"date":"2024-09-29T08:20:15","date_gmt":"2024-09-29T08:20:15","guid":{"rendered":"https:\/\/irankiuzona.lt\/product\/lenktu-kilpiniu-raktu-komplektas-8-22mm-6-daliu\/"},"modified":"2025-03-27T04:25:57","modified_gmt":"2025-03-27T04:25:57","slug":"lenktu-kilpiniu-raktu-komplektas-8-22mm-6-daliu","status":"publish","type":"product","link":"https:\/\/irankiuzona.lt\/ru\/product\/lenktu-kilpiniu-raktu-komplektas-8-22mm-6-daliu\/","title":{"rendered":"Lenkt\u0173, kilpini\u0173 rakt\u0173 komplektas 8-22mm 6 dali\u0173"},"content":{"rendered":"<p>Komplekte:\u00a08\u044510, 10\u044512, 12\u044513, 14\u044517, 17\u044519, 19\u044522 \u043c\u043c<\/p>\n<p>Set includes offset box end spanners packed in a strong tetron bag.<br \/>\nCranked slugging box wrench are made of 40KhFA chrome-vanadium tool steel by hot stamping (hammer forging).<br \/>\nWrench working profiles are hardened to hardness not less than 39HRC.<br \/>\nWrenches have ring parts with a standard 12-sided working profile.<br \/>\nKeys are protected from corrosion by chemical oxidation.<\/p>","protected":false},"excerpt":{"rendered":"<p>Lenkt\u0173, kilpini\u0173 rakt\u0173 komplektas 8-22mm 6 dali\u0173<\/p>","protected":false},"featured_media":295615,"comment_status":"open","ping_status":"open","template":"","meta":[],"product_cat":[9520],"product_tag":[9898],"class_list":{"0":"post-295613","1":"product","2":"type-product","3":"status-publish","4":"has-post-thumbnail","6":"product_brand-avtodelo","7":"product_cat-kilpiniai-raktai-ju-komplektai","8":"product_tag-avtodelo","10":"first","11":"outofstock","12":"purchasable","13":"product-type-simple"},"jetpack_sharing_enabled":true,"_links":{"self":[{"href":"https:\/\/irankiuzona.lt\/ru\/wp-json\/wp\/v2\/product\/295613","targetHints":{"allow":["GET"]}}],"collection":[{"href":"https:\/\/irankiuzona.lt\/ru\/wp-json\/wp\/v2\/product"}],"about":[{"href":"https:\/\/irankiuzona.lt\/ru\/wp-json\/wp\/v2\/types\/product"}],"replies":[{"embeddable":true,"href":"https:\/\/irankiuzona.lt\/ru\/wp-json\/wp\/v2\/comments?post=295613"}],"version-history":[{"count":0,"href":"https:\/\/irankiuzona.lt\/ru\/wp-json\/wp\/v2\/product\/295613\/revisions"}],"wp:featuredmedia":[{"embeddable":true,"href":"https:\/\/irankiuzona.lt\/ru\/wp-json\/wp\/v2\/media\/295615"}],"wp:attachment":[{"href":"https:\/\/irankiuzona.lt\/ru\/wp-json\/wp\/v2\/media?parent=295613"}],"wp:term":[{"taxonomy":"product_cat","embeddable":true,"href":"https:\/\/irankiuzona.lt\/ru\/wp-json\/wp\/v2\/product_cat?post=295613"},{"taxonomy":"product_tag","embeddable":true,"href":"https:\/\/irankiuzona.lt\/ru\/wp-json\/wp\/v2\/product_tag?post=295613"}],"curies":[{"name":"wp","href":"https:\/\/api.w.org\/{rel}","templated":true}]}}