{"id":295680,"date":"2024-09-29T08:20:21","date_gmt":"2024-09-29T08:20:21","guid":{"rendered":"https:\/\/irankiuzona.lt\/product\/polo-marskineliai-atspindintys-sviesa-dydis-xxxl\/"},"modified":"2026-05-06T21:40:38","modified_gmt":"2026-05-06T21:40:38","slug":"polo-marskineliai-atspindintys-sviesa-dydis-xxxl","status":"publish","type":"product","link":"https:\/\/irankiuzona.lt\/ru\/product\/polo-marskineliai-atspindintys-sviesa-dydis-xxxl\/","title":{"rendered":"Polo mar\u0161kin\u0117liai atspindintys \u0161vies\u0105, dydis XXXL"},"content":{"rendered":"<p>Characteristics<\/p>\n<p>material: 100%, polyester 150 g\/m\u00b2;<br \/>\npolo buttoned;<br \/>\ngraphite collar;<br \/>\nreflective strips sewn on<\/p>","protected":false},"excerpt":{"rendered":"<p>Polo mar\u0161kin\u0117liai atspindintys \u0161vies\u0105, dydis XXXL<\/p>","protected":false},"featured_media":295682,"comment_status":"open","ping_status":"open","template":"","meta":[],"product_cat":[10005],"product_tag":[9969],"class_list":{"0":"post-295680","1":"product","2":"type-product","3":"status-publish","4":"has-post-thumbnail","6":"product_brand-hogert-technik-vokietija","7":"product_cat-padidinto-matomumo-darbo-rubai","8":"product_tag-hogert-technik-vokietija","10":"first","11":"instock","12":"purchasable","13":"product-type-simple"},"jetpack_sharing_enabled":true,"_links":{"self":[{"href":"https:\/\/irankiuzona.lt\/ru\/wp-json\/wp\/v2\/product\/295680","targetHints":{"allow":["GET"]}}],"collection":[{"href":"https:\/\/irankiuzona.lt\/ru\/wp-json\/wp\/v2\/product"}],"about":[{"href":"https:\/\/irankiuzona.lt\/ru\/wp-json\/wp\/v2\/types\/product"}],"replies":[{"embeddable":true,"href":"https:\/\/irankiuzona.lt\/ru\/wp-json\/wp\/v2\/comments?post=295680"}],"version-history":[{"count":1,"href":"https:\/\/irankiuzona.lt\/ru\/wp-json\/wp\/v2\/product\/295680\/revisions"}],"predecessor-version":[{"id":417664,"href":"https:\/\/irankiuzona.lt\/ru\/wp-json\/wp\/v2\/product\/295680\/revisions\/417664"}],"wp:featuredmedia":[{"embeddable":true,"href":"https:\/\/irankiuzona.lt\/ru\/wp-json\/wp\/v2\/media\/295682"}],"wp:attachment":[{"href":"https:\/\/irankiuzona.lt\/ru\/wp-json\/wp\/v2\/media?parent=295680"}],"wp:term":[{"taxonomy":"product_cat","embeddable":true,"href":"https:\/\/irankiuzona.lt\/ru\/wp-json\/wp\/v2\/product_cat?post=295680"},{"taxonomy":"product_tag","embeddable":true,"href":"https:\/\/irankiuzona.lt\/ru\/wp-json\/wp\/v2\/product_tag?post=295680"}],"curies":[{"name":"wp","href":"https:\/\/api.w.org\/{rel}","templated":true}]}}