{"id":295683,"date":"2024-09-29T08:20:22","date_gmt":"2024-09-29T08:20:22","guid":{"rendered":"https:\/\/irankiuzona.lt\/product\/kelnes-su-paminkstinta-keliu-apsauga-2xl-dydis\/"},"modified":"2026-05-06T21:40:38","modified_gmt":"2026-05-06T21:40:38","slug":"kelnes-su-paminkstinta-keliu-apsauga-2xl-dydis","status":"publish","type":"product","link":"https:\/\/irankiuzona.lt\/ru\/product\/kelnes-su-paminkstinta-keliu-apsauga-2xl-dydis\/","title":{"rendered":"Keln\u0117s su pamink\u0161tinta keli\u0173 apsauga 2XL dydis"},"content":{"rendered":"<p>Softshell keln\u0117s su elastanu Hogert Elde yra pagamintos i\u0161 softshell audinio, tod\u0117l yra neperpu\u010diamos ir atsparios dr\u0117gmei. \u0160is audinys puikiai sulaiko \u0161ilum\u0105, i\u0161garina dr\u0117gm\u0119 ir leid\u017eia odai kv\u0117puoti. Keli\u0173 sritis papildomai sutvirtinta Ripstop audiniu, tai suteikia keln\u0117ms patvarumo bei vir\u0161 keli\u0173 yra prisi\u016btos smulkios \u0161vies\u0105 atspindin\u010dios detal\u0117s. \u0160ios keln\u0117s yra labai lengvos, patogios, nevar\u017eo judesi\u0173.Savyb\u0117s:\u00b7 Audinio sud\u0117tis: 96 % poliesteris, 4 % elastanas, softshell audinys.\u00b7 Audinio tankis: 270 g \/ m\u00b2 .\u00b7 3 ki\u0161en\u0117s: &#8211; 2 vir\u0161utin\u0117s ki\u0161en\u0117s; &#8211; 1 u\u017epakalin\u0117 ki\u0161en\u0117.\u00b7 Elastingas juosmuo.\u00b7 Sutvirtinimai keli\u0173 srityje yra pagaminti i\u0161 100 % RipStop poliesterio.\u00b7 Smulkios \u0161vies\u0105 atspindin\u010dios detal\u0117s.\u00b7 Vandens atsparumas: 8000 mm H2O.\u00b7 Pralaidumas orui: 800 g\/m\u00b2<\/p>","protected":false},"excerpt":{"rendered":"<p>Keln\u0117s su pamink\u0161tinta keli\u0173 apsauga 2XL dydis<\/p>","protected":false},"featured_media":295685,"comment_status":"open","ping_status":"open","template":"","meta":[],"product_cat":[9992],"product_tag":[9969],"class_list":{"0":"post-295683","1":"product","2":"type-product","3":"status-publish","4":"has-post-thumbnail","6":"product_brand-hogert-technik-vokietija","7":"product_cat-darbines-kelnes","8":"product_tag-hogert-technik-vokietija","10":"first","11":"instock","12":"purchasable","13":"product-type-simple"},"jetpack_sharing_enabled":true,"_links":{"self":[{"href":"https:\/\/irankiuzona.lt\/ru\/wp-json\/wp\/v2\/product\/295683","targetHints":{"allow":["GET"]}}],"collection":[{"href":"https:\/\/irankiuzona.lt\/ru\/wp-json\/wp\/v2\/product"}],"about":[{"href":"https:\/\/irankiuzona.lt\/ru\/wp-json\/wp\/v2\/types\/product"}],"replies":[{"embeddable":true,"href":"https:\/\/irankiuzona.lt\/ru\/wp-json\/wp\/v2\/comments?post=295683"}],"version-history":[{"count":1,"href":"https:\/\/irankiuzona.lt\/ru\/wp-json\/wp\/v2\/product\/295683\/revisions"}],"predecessor-version":[{"id":417665,"href":"https:\/\/irankiuzona.lt\/ru\/wp-json\/wp\/v2\/product\/295683\/revisions\/417665"}],"wp:featuredmedia":[{"embeddable":true,"href":"https:\/\/irankiuzona.lt\/ru\/wp-json\/wp\/v2\/media\/295685"}],"wp:attachment":[{"href":"https:\/\/irankiuzona.lt\/ru\/wp-json\/wp\/v2\/media?parent=295683"}],"wp:term":[{"taxonomy":"product_cat","embeddable":true,"href":"https:\/\/irankiuzona.lt\/ru\/wp-json\/wp\/v2\/product_cat?post=295683"},{"taxonomy":"product_tag","embeddable":true,"href":"https:\/\/irankiuzona.lt\/ru\/wp-json\/wp\/v2\/product_tag?post=295683"}],"curies":[{"name":"wp","href":"https:\/\/api.w.org\/{rel}","templated":true}]}}