{"id":295693,"date":"2024-09-29T08:20:23","date_gmt":"2024-09-29T08:20:23","guid":{"rendered":"https:\/\/irankiuzona.lt\/product\/darbines-dzinsines-kelnes-dydis-xl\/"},"modified":"2026-05-06T18:42:22","modified_gmt":"2026-05-06T18:42:22","slug":"darbines-dzinsines-kelnes-dydis-xl","status":"publish","type":"product","link":"https:\/\/irankiuzona.lt\/ru\/product\/darbines-dzinsines-kelnes-dydis-xl\/","title":{"rendered":"Darbin\u0117s d\u017einsin\u0117s keln\u0117s, dydis XL"},"content":{"rendered":"<p>med\u017eiaga: 98,5% medviln\u0117, 1,5% elastanas, d\u017einsai 350 g\/m\u00b2, Oxford 600D;. 6 ki\u0161en\u0117s;\u2013 2 vir\u0161utin\u0117s ki\u0161en\u0117s;\u2013 2 u\u017epakalin\u0117s ki\u0161en\u0117s, sustiprintos Oxford audiniu;\u2013 1 \u0161onin\u0117 ki\u0161en\u0117 su vieta telefonui.<\/p>","protected":false},"excerpt":{"rendered":"<p>Darbin\u0117s d\u017einsin\u0117s keln\u0117s, dydis XL<\/p>","protected":false},"featured_media":295695,"comment_status":"open","ping_status":"open","template":"","meta":[],"product_cat":[9992],"product_tag":[9969],"class_list":{"0":"post-295693","1":"product","2":"type-product","3":"status-publish","4":"has-post-thumbnail","6":"product_brand-hogert-technik-vokietija","7":"product_cat-darbines-kelnes","8":"product_tag-hogert-technik-vokietija","10":"first","11":"instock","12":"purchasable","13":"product-type-simple"},"jetpack_sharing_enabled":true,"_links":{"self":[{"href":"https:\/\/irankiuzona.lt\/ru\/wp-json\/wp\/v2\/product\/295693","targetHints":{"allow":["GET"]}}],"collection":[{"href":"https:\/\/irankiuzona.lt\/ru\/wp-json\/wp\/v2\/product"}],"about":[{"href":"https:\/\/irankiuzona.lt\/ru\/wp-json\/wp\/v2\/types\/product"}],"replies":[{"embeddable":true,"href":"https:\/\/irankiuzona.lt\/ru\/wp-json\/wp\/v2\/comments?post=295693"}],"version-history":[{"count":1,"href":"https:\/\/irankiuzona.lt\/ru\/wp-json\/wp\/v2\/product\/295693\/revisions"}],"predecessor-version":[{"id":417669,"href":"https:\/\/irankiuzona.lt\/ru\/wp-json\/wp\/v2\/product\/295693\/revisions\/417669"}],"wp:featuredmedia":[{"embeddable":true,"href":"https:\/\/irankiuzona.lt\/ru\/wp-json\/wp\/v2\/media\/295695"}],"wp:attachment":[{"href":"https:\/\/irankiuzona.lt\/ru\/wp-json\/wp\/v2\/media?parent=295693"}],"wp:term":[{"taxonomy":"product_cat","embeddable":true,"href":"https:\/\/irankiuzona.lt\/ru\/wp-json\/wp\/v2\/product_cat?post=295693"},{"taxonomy":"product_tag","embeddable":true,"href":"https:\/\/irankiuzona.lt\/ru\/wp-json\/wp\/v2\/product_tag?post=295693"}],"curies":[{"name":"wp","href":"https:\/\/api.w.org\/{rel}","templated":true}]}}