{"id":295811,"date":"2024-09-29T08:20:35","date_gmt":"2024-09-29T08:20:35","guid":{"rendered":"https:\/\/irankiuzona.lt\/product\/darbo-sportbaciai-dydis-46-hogert-ht5k507-46\/"},"modified":"2026-03-03T10:20:13","modified_gmt":"2026-03-03T10:20:13","slug":"darbo-sportbaciai-dydis-46-hogert-ht5k507-46","status":"publish","type":"product","link":"https:\/\/irankiuzona.lt\/ru\/product\/darbo-sportbaciai-dydis-46-hogert-ht5k507-46\/","title":{"rendered":"Darbo sportba\u010diai, dydis 46, HOGERT HT5K507-46"},"content":{"rendered":"<p>Darbo pusba\u010diai S1P SRA Hoegert HT5K507<br \/>\nAtitinka standart\u0105 &#8211; EN ISO 20345: 2011;Saugos kategorija &#8211; S1P; SRAsustiprinta kulno sritis;kompozicin\u0117 pir\u0161t\u0173 apsauga, (atsparus sm\u016bgiams iki 200 J);pagaminta i\u0161 nubuko odos, juoda;guminis padas;padas atsparus naftos produktams;antistatinis padas.<\/p>","protected":false},"excerpt":{"rendered":"<p>Darbo sportba\u010diai, dydis 46<\/p>","protected":false},"featured_media":295813,"comment_status":"open","ping_status":"open","template":"","meta":[],"product_cat":[10008],"product_tag":[9969],"class_list":{"0":"post-295811","1":"product","2":"type-product","3":"status-publish","4":"has-post-thumbnail","6":"product_brand-hogert-technik-vokietija","7":"product_cat-darbo-batai","8":"product_tag-hogert-technik-vokietija","10":"first","11":"outofstock","12":"purchasable","13":"product-type-simple"},"jetpack_sharing_enabled":true,"_links":{"self":[{"href":"https:\/\/irankiuzona.lt\/ru\/wp-json\/wp\/v2\/product\/295811","targetHints":{"allow":["GET"]}}],"collection":[{"href":"https:\/\/irankiuzona.lt\/ru\/wp-json\/wp\/v2\/product"}],"about":[{"href":"https:\/\/irankiuzona.lt\/ru\/wp-json\/wp\/v2\/types\/product"}],"replies":[{"embeddable":true,"href":"https:\/\/irankiuzona.lt\/ru\/wp-json\/wp\/v2\/comments?post=295811"}],"version-history":[{"count":1,"href":"https:\/\/irankiuzona.lt\/ru\/wp-json\/wp\/v2\/product\/295811\/revisions"}],"predecessor-version":[{"id":417707,"href":"https:\/\/irankiuzona.lt\/ru\/wp-json\/wp\/v2\/product\/295811\/revisions\/417707"}],"wp:featuredmedia":[{"embeddable":true,"href":"https:\/\/irankiuzona.lt\/ru\/wp-json\/wp\/v2\/media\/295813"}],"wp:attachment":[{"href":"https:\/\/irankiuzona.lt\/ru\/wp-json\/wp\/v2\/media?parent=295811"}],"wp:term":[{"taxonomy":"product_cat","embeddable":true,"href":"https:\/\/irankiuzona.lt\/ru\/wp-json\/wp\/v2\/product_cat?post=295811"},{"taxonomy":"product_tag","embeddable":true,"href":"https:\/\/irankiuzona.lt\/ru\/wp-json\/wp\/v2\/product_tag?post=295811"}],"curies":[{"name":"wp","href":"https:\/\/api.w.org\/{rel}","templated":true}]}}