{"id":295886,"date":"2024-09-29T08:20:43","date_gmt":"2024-09-29T08:20:43","guid":{"rendered":"https:\/\/irankiuzona.lt\/product\/moteriski-darbiniai-batai-src-s1-dydis-42\/"},"modified":"2026-04-16T20:17:19","modified_gmt":"2026-04-16T20:17:19","slug":"moteriski-darbiniai-batai-src-s1-dydis-42","status":"publish","type":"product","link":"https:\/\/irankiuzona.lt\/ru\/product\/moteriski-darbiniai-batai-src-s1-dydis-42\/","title":{"rendered":"Moteri\u0161ki darbiniai batai, SRC, S1, dydis 42"},"content":{"rendered":"<p>Moteri\u0161ki apsauginiai darbo batai ,atitinka EN ISO 20345: 2011 reikalavimus, keliamus profesionaliai naudoti apsauginei avalynei.Saugos klas\u0117 S1;SRC atsparumas slydimui;Metalin\u0117 pir\u0161t\u0173 apsauga (atlaiko sm\u016bg\u012f iki 200 J);Sustiprinta u\u017edara kulno sritis;Pamu\u0161alas, pagamintas i\u0161 kv\u0117puojan\u010dio tinklinio audinio;EVA vidpadis apsaugo nuo dilimo;Energij\u0105 sugeriantis kulnas;Atsparus aliejui ir riebalams;Antistatinis padas;CE sertifikatas;<\/p>","protected":false},"excerpt":{"rendered":"<p>Moteri\u0161ki darbiniai batai, SRC, S1, dydis 42<\/p>","protected":false},"featured_media":295888,"comment_status":"open","ping_status":"open","template":"","meta":[],"product_cat":[10008],"product_tag":[9969],"class_list":{"0":"post-295886","1":"product","2":"type-product","3":"status-publish","4":"has-post-thumbnail","6":"product_brand-hogert-technik-vokietija","7":"product_cat-darbo-batai","8":"product_tag-hogert-technik-vokietija","10":"first","11":"instock","12":"purchasable","13":"product-type-simple"},"jetpack_sharing_enabled":true,"_links":{"self":[{"href":"https:\/\/irankiuzona.lt\/ru\/wp-json\/wp\/v2\/product\/295886","targetHints":{"allow":["GET"]}}],"collection":[{"href":"https:\/\/irankiuzona.lt\/ru\/wp-json\/wp\/v2\/product"}],"about":[{"href":"https:\/\/irankiuzona.lt\/ru\/wp-json\/wp\/v2\/types\/product"}],"replies":[{"embeddable":true,"href":"https:\/\/irankiuzona.lt\/ru\/wp-json\/wp\/v2\/comments?post=295886"}],"version-history":[{"count":1,"href":"https:\/\/irankiuzona.lt\/ru\/wp-json\/wp\/v2\/product\/295886\/revisions"}],"predecessor-version":[{"id":417732,"href":"https:\/\/irankiuzona.lt\/ru\/wp-json\/wp\/v2\/product\/295886\/revisions\/417732"}],"wp:featuredmedia":[{"embeddable":true,"href":"https:\/\/irankiuzona.lt\/ru\/wp-json\/wp\/v2\/media\/295888"}],"wp:attachment":[{"href":"https:\/\/irankiuzona.lt\/ru\/wp-json\/wp\/v2\/media?parent=295886"}],"wp:term":[{"taxonomy":"product_cat","embeddable":true,"href":"https:\/\/irankiuzona.lt\/ru\/wp-json\/wp\/v2\/product_cat?post=295886"},{"taxonomy":"product_tag","embeddable":true,"href":"https:\/\/irankiuzona.lt\/ru\/wp-json\/wp\/v2\/product_tag?post=295886"}],"curies":[{"name":"wp","href":"https:\/\/api.w.org\/{rel}","templated":true}]}}