{"id":295889,"date":"2024-09-29T08:20:43","date_gmt":"2024-09-29T08:20:43","guid":{"rendered":"https:\/\/irankiuzona.lt\/product\/akumuliatorinis-verzliasukis-1-2-18v-50ah-dewalt-dcf899p2\/"},"modified":"2025-11-18T13:30:12","modified_gmt":"2025-11-18T13:30:12","slug":"akumuliatorinis-verzliasukis-1-2-18v-50ah-dewalt-dcf899p2","status":"publish","type":"product","link":"https:\/\/irankiuzona.lt\/ru\/product\/akumuliatorinis-verzliasukis-1-2-18v-50ah-dewalt-dcf899p2\/","title":{"rendered":"Akumuliatorinis ver\u017elias\u016bkis 1\/2 18V 5,0Ah \/ DEWALT DCF899P2"},"content":{"rendered":"<p>Net 950 Nm sukimo j\u0117ga!<br \/>\nDeWALT Akumuliatorinis sm\u016bginis ver\u017eliasukis<\/p>\n<p>Be\u0161epet\u0117linis sm\u016bginis ver\u017eliasukis;<br \/>\n3 grei\u010dio ir sukimo momento nustatymai;<br \/>\n1\/2 &quot;(12.7mm) kvadrato antgalis greitai ir lengvai keisti sukimo galvutes;<br \/>\n3 LED \u017eibintai su v\u0117linimo mechanizmu;<br \/>\nGumuota rankena patogiam ir tiksliam laikymui.<\/p>\n<p>Standartin\u0117 \u012franga:<\/p>\n<p>\u012etampa 18 V.<br \/>\n2 x 5,0 Ah \/ akumuliatoriaus talpa\u00a0<br \/>\nAkumuliatoriaus tipas XR Li-Ion<br \/>\nBe\u0161epet\u0117linis variklis<br \/>\nSukimo momentas 135\/400\/950 Nm<br \/>\nSukimo momentas atsukant 1625Nm<br \/>\nMaks. var\u017eto \u00d8 M20.<br \/>\nS\u016bkiai 0 &#8211; 400 \/ 1200 \/ 1900 \/min.<br \/>\nSm\u016bgiavimo da\u017enis 0 &#8211; 2400 \/min.<br \/>\nSukimo antgalio tvirtinimas 1\/2&quot; (12,5 mm).<br \/>\nSvoris\u00a03,3 kg<\/p>","protected":false},"excerpt":{"rendered":"<p>Sm\u016bginis akumuliatorinis 1\/2 ver\u017elias\u016bkis 18V 5,0Ah \/ 950Nm \/\u00a0DEWALT DCF899P2<\/p>","protected":false},"featured_media":295891,"comment_status":"open","ping_status":"open","template":"","meta":[],"product_cat":[10114],"product_tag":[],"class_list":{"0":"post-295889","1":"product","2":"type-product","3":"status-publish","4":"has-post-thumbnail","6":"product_cat-1-2-smuginiai-akumuliatoriniai-verzliasukiai","8":"first","9":"outofstock","10":"purchasable","11":"product-type-simple"},"jetpack_sharing_enabled":true,"_links":{"self":[{"href":"https:\/\/irankiuzona.lt\/ru\/wp-json\/wp\/v2\/product\/295889","targetHints":{"allow":["GET"]}}],"collection":[{"href":"https:\/\/irankiuzona.lt\/ru\/wp-json\/wp\/v2\/product"}],"about":[{"href":"https:\/\/irankiuzona.lt\/ru\/wp-json\/wp\/v2\/types\/product"}],"replies":[{"embeddable":true,"href":"https:\/\/irankiuzona.lt\/ru\/wp-json\/wp\/v2\/comments?post=295889"}],"version-history":[{"count":1,"href":"https:\/\/irankiuzona.lt\/ru\/wp-json\/wp\/v2\/product\/295889\/revisions"}],"predecessor-version":[{"id":417733,"href":"https:\/\/irankiuzona.lt\/ru\/wp-json\/wp\/v2\/product\/295889\/revisions\/417733"}],"wp:featuredmedia":[{"embeddable":true,"href":"https:\/\/irankiuzona.lt\/ru\/wp-json\/wp\/v2\/media\/295891"}],"wp:attachment":[{"href":"https:\/\/irankiuzona.lt\/ru\/wp-json\/wp\/v2\/media?parent=295889"}],"wp:term":[{"taxonomy":"product_cat","embeddable":true,"href":"https:\/\/irankiuzona.lt\/ru\/wp-json\/wp\/v2\/product_cat?post=295889"},{"taxonomy":"product_tag","embeddable":true,"href":"https:\/\/irankiuzona.lt\/ru\/wp-json\/wp\/v2\/product_tag?post=295889"}],"curies":[{"name":"wp","href":"https:\/\/api.w.org\/{rel}","templated":true}]}}