{"id":295892,"date":"2024-09-29T08:20:43","date_gmt":"2024-09-29T08:20:43","guid":{"rendered":"https:\/\/irankiuzona.lt\/product\/kelnes-medvilnines-atsparios-prakaitui-s-dydis\/"},"modified":"2026-04-16T20:17:19","modified_gmt":"2026-04-16T20:17:19","slug":"kelnes-medvilnines-atsparios-prakaitui-s-dydis","status":"publish","type":"product","link":"https:\/\/irankiuzona.lt\/ru\/product\/kelnes-medvilnines-atsparios-prakaitui-s-dydis\/","title":{"rendered":"Keln\u0117s medvilnin\u0117s atsparios prakaitui S dydis"},"content":{"rendered":"<p>Charakteristikos:med\u017eiaga: 65% medviln\u0117, 35% poliesteris,\u00a0med\u017eiagos tankis\u00a0260 g \/ m2;dir\u017eo reguliavimas virvele;<\/p>","protected":false},"excerpt":{"rendered":"<p>Keln\u0117s medvilnin\u0117s atsparios prakaitui S dydis<\/p>","protected":false},"featured_media":295894,"comment_status":"open","ping_status":"open","template":"","meta":[],"product_cat":[9992],"product_tag":[9969],"class_list":{"0":"post-295892","1":"product","2":"type-product","3":"status-publish","4":"has-post-thumbnail","6":"product_brand-hogert-technik-vokietija","7":"product_cat-darbines-kelnes","8":"product_tag-hogert-technik-vokietija","10":"first","11":"outofstock","12":"purchasable","13":"product-type-simple"},"jetpack_sharing_enabled":true,"_links":{"self":[{"href":"https:\/\/irankiuzona.lt\/ru\/wp-json\/wp\/v2\/product\/295892","targetHints":{"allow":["GET"]}}],"collection":[{"href":"https:\/\/irankiuzona.lt\/ru\/wp-json\/wp\/v2\/product"}],"about":[{"href":"https:\/\/irankiuzona.lt\/ru\/wp-json\/wp\/v2\/types\/product"}],"replies":[{"embeddable":true,"href":"https:\/\/irankiuzona.lt\/ru\/wp-json\/wp\/v2\/comments?post=295892"}],"version-history":[{"count":1,"href":"https:\/\/irankiuzona.lt\/ru\/wp-json\/wp\/v2\/product\/295892\/revisions"}],"predecessor-version":[{"id":417734,"href":"https:\/\/irankiuzona.lt\/ru\/wp-json\/wp\/v2\/product\/295892\/revisions\/417734"}],"wp:featuredmedia":[{"embeddable":true,"href":"https:\/\/irankiuzona.lt\/ru\/wp-json\/wp\/v2\/media\/295894"}],"wp:attachment":[{"href":"https:\/\/irankiuzona.lt\/ru\/wp-json\/wp\/v2\/media?parent=295892"}],"wp:term":[{"taxonomy":"product_cat","embeddable":true,"href":"https:\/\/irankiuzona.lt\/ru\/wp-json\/wp\/v2\/product_cat?post=295892"},{"taxonomy":"product_tag","embeddable":true,"href":"https:\/\/irankiuzona.lt\/ru\/wp-json\/wp\/v2\/product_tag?post=295892"}],"curies":[{"name":"wp","href":"https:\/\/api.w.org\/{rel}","templated":true}]}}