{"id":295904,"date":"2024-09-29T08:20:45","date_gmt":"2024-09-29T08:20:45","guid":{"rendered":"https:\/\/irankiuzona.lt\/product\/kelnes-medvilnines-atsparios-prakaitui-3xl-dydis\/"},"modified":"2026-04-17T02:13:53","modified_gmt":"2026-04-17T02:13:53","slug":"kelnes-medvilnines-atsparios-prakaitui-3xl-dydis","status":"publish","type":"product","link":"https:\/\/irankiuzona.lt\/ru\/product\/kelnes-medvilnines-atsparios-prakaitui-3xl-dydis\/","title":{"rendered":"Keln\u0117s medvilnin\u0117s atsparios prakaitui 3XL dydis"},"content":{"rendered":"<p>Charakteristikos:med\u017eiaga: 65% medviln\u0117, 35% poliesteris,\u00a0med\u017eiagos tankis\u00a0260 g \/ m2;dir\u017eo reguliavimas virvele;<\/p>","protected":false},"excerpt":{"rendered":"<p>Keln\u0117s medvilnin\u0117s atsparios prakaitui 3XL dydis<\/p>","protected":false},"featured_media":295906,"comment_status":"open","ping_status":"open","template":"","meta":[],"product_cat":[9992],"product_tag":[9969],"class_list":{"0":"post-295904","1":"product","2":"type-product","3":"status-publish","4":"has-post-thumbnail","6":"product_brand-hogert-technik-vokietija","7":"product_cat-darbines-kelnes","8":"product_tag-hogert-technik-vokietija","10":"first","11":"instock","12":"purchasable","13":"product-type-simple"},"jetpack_sharing_enabled":true,"_links":{"self":[{"href":"https:\/\/irankiuzona.lt\/ru\/wp-json\/wp\/v2\/product\/295904","targetHints":{"allow":["GET"]}}],"collection":[{"href":"https:\/\/irankiuzona.lt\/ru\/wp-json\/wp\/v2\/product"}],"about":[{"href":"https:\/\/irankiuzona.lt\/ru\/wp-json\/wp\/v2\/types\/product"}],"replies":[{"embeddable":true,"href":"https:\/\/irankiuzona.lt\/ru\/wp-json\/wp\/v2\/comments?post=295904"}],"version-history":[{"count":1,"href":"https:\/\/irankiuzona.lt\/ru\/wp-json\/wp\/v2\/product\/295904\/revisions"}],"predecessor-version":[{"id":417738,"href":"https:\/\/irankiuzona.lt\/ru\/wp-json\/wp\/v2\/product\/295904\/revisions\/417738"}],"wp:featuredmedia":[{"embeddable":true,"href":"https:\/\/irankiuzona.lt\/ru\/wp-json\/wp\/v2\/media\/295906"}],"wp:attachment":[{"href":"https:\/\/irankiuzona.lt\/ru\/wp-json\/wp\/v2\/media?parent=295904"}],"wp:term":[{"taxonomy":"product_cat","embeddable":true,"href":"https:\/\/irankiuzona.lt\/ru\/wp-json\/wp\/v2\/product_cat?post=295904"},{"taxonomy":"product_tag","embeddable":true,"href":"https:\/\/irankiuzona.lt\/ru\/wp-json\/wp\/v2\/product_tag?post=295904"}],"curies":[{"name":"wp","href":"https:\/\/api.w.org\/{rel}","templated":true}]}}