{"id":295910,"date":"2024-09-29T08:20:45","date_gmt":"2024-09-29T08:20:45","guid":{"rendered":"https:\/\/irankiuzona.lt\/product\/dzemperis-medvilninis-m-dydis-hogert-ht5k438-m\/"},"modified":"2026-04-17T05:39:43","modified_gmt":"2026-04-17T05:39:43","slug":"dzemperis-medvilninis-m-dydis-hogert-ht5k438-m","status":"publish","type":"product","link":"https:\/\/irankiuzona.lt\/ru\/product\/dzemperis-medvilninis-m-dydis-hogert-ht5k438-m\/","title":{"rendered":"D\u017eemperis medvilninis M dydis HOGERT HT5K438-M"},"content":{"rendered":"<p>audinys: 65% medviln\u0117, 35% poliesteris, audinio tankis 260 g\/m\u00b2;<br \/>\n300D Oxford audinio alk\u016bni\u0173 pamink\u0161tinimai;<br \/>\n u\u017etrauktukas per vis\u0105 striuk\u0117s ilg\u012f;<br \/>\n 2 keng\u016bros tipo apatin\u0117s ki\u0161en\u0117s;<br \/>\napa\u010dia ir rankov\u0117s su elastine juosta;<br \/>\n juodas.<\/p>","protected":false},"excerpt":{"rendered":"<p>D\u017eemperis medvilninis M dydis<\/p>","protected":false},"featured_media":295912,"comment_status":"open","ping_status":"open","template":"","meta":[],"product_cat":[10082],"product_tag":[9969],"class_list":{"0":"post-295910","1":"product","2":"type-product","3":"status-publish","4":"has-post-thumbnail","6":"product_brand-hogert-technik-vokietija","7":"product_cat-darbiniai-dzemperiai","8":"product_tag-hogert-technik-vokietija","10":"first","11":"instock","12":"purchasable","13":"product-type-simple"},"jetpack_sharing_enabled":true,"_links":{"self":[{"href":"https:\/\/irankiuzona.lt\/ru\/wp-json\/wp\/v2\/product\/295910","targetHints":{"allow":["GET"]}}],"collection":[{"href":"https:\/\/irankiuzona.lt\/ru\/wp-json\/wp\/v2\/product"}],"about":[{"href":"https:\/\/irankiuzona.lt\/ru\/wp-json\/wp\/v2\/types\/product"}],"replies":[{"embeddable":true,"href":"https:\/\/irankiuzona.lt\/ru\/wp-json\/wp\/v2\/comments?post=295910"}],"version-history":[{"count":1,"href":"https:\/\/irankiuzona.lt\/ru\/wp-json\/wp\/v2\/product\/295910\/revisions"}],"predecessor-version":[{"id":417740,"href":"https:\/\/irankiuzona.lt\/ru\/wp-json\/wp\/v2\/product\/295910\/revisions\/417740"}],"wp:featuredmedia":[{"embeddable":true,"href":"https:\/\/irankiuzona.lt\/ru\/wp-json\/wp\/v2\/media\/295912"}],"wp:attachment":[{"href":"https:\/\/irankiuzona.lt\/ru\/wp-json\/wp\/v2\/media?parent=295910"}],"wp:term":[{"taxonomy":"product_cat","embeddable":true,"href":"https:\/\/irankiuzona.lt\/ru\/wp-json\/wp\/v2\/product_cat?post=295910"},{"taxonomy":"product_tag","embeddable":true,"href":"https:\/\/irankiuzona.lt\/ru\/wp-json\/wp\/v2\/product_tag?post=295910"}],"curies":[{"name":"wp","href":"https:\/\/api.w.org\/{rel}","templated":true}]}}