{"id":295957,"date":"2024-09-29T08:20:50","date_gmt":"2024-09-29T08:20:50","guid":{"rendered":"https:\/\/irankiuzona.lt\/product\/sriegines-kniedes-plienines-m3-m10\/"},"modified":"2026-04-05T20:45:40","modified_gmt":"2026-04-05T20:45:40","slug":"sriegines-kniedes-plienines-m3-m10","status":"publish","type":"product","link":"https:\/\/irankiuzona.lt\/ru\/product\/sriegines-kniedes-plienines-m3-m10\/","title":{"rendered":"Sriegin\u0117s knied\u0117s\/plienin\u0117s M3\/M10"},"content":{"rendered":"","protected":false},"excerpt":{"rendered":"<p>Sriegin\u0117s knied\u0117s plienin\u0117s M3-M10 150 vnt<\/p>","protected":false},"featured_media":295959,"comment_status":"open","ping_status":"open","template":"","meta":[],"product_cat":[9890],"product_tag":[9435],"class_list":{"0":"post-295957","1":"product","2":"type-product","3":"status-publish","4":"has-post-thumbnail","6":"product_brand-kinija","7":"product_cat-sriegines-kniedes","8":"product_tag-kinija","10":"first","11":"outofstock","12":"purchasable","13":"product-type-simple"},"jetpack_sharing_enabled":true,"_links":{"self":[{"href":"https:\/\/irankiuzona.lt\/ru\/wp-json\/wp\/v2\/product\/295957","targetHints":{"allow":["GET"]}}],"collection":[{"href":"https:\/\/irankiuzona.lt\/ru\/wp-json\/wp\/v2\/product"}],"about":[{"href":"https:\/\/irankiuzona.lt\/ru\/wp-json\/wp\/v2\/types\/product"}],"replies":[{"embeddable":true,"href":"https:\/\/irankiuzona.lt\/ru\/wp-json\/wp\/v2\/comments?post=295957"}],"version-history":[{"count":0,"href":"https:\/\/irankiuzona.lt\/ru\/wp-json\/wp\/v2\/product\/295957\/revisions"}],"wp:featuredmedia":[{"embeddable":true,"href":"https:\/\/irankiuzona.lt\/ru\/wp-json\/wp\/v2\/media\/295959"}],"wp:attachment":[{"href":"https:\/\/irankiuzona.lt\/ru\/wp-json\/wp\/v2\/media?parent=295957"}],"wp:term":[{"taxonomy":"product_cat","embeddable":true,"href":"https:\/\/irankiuzona.lt\/ru\/wp-json\/wp\/v2\/product_cat?post=295957"},{"taxonomy":"product_tag","embeddable":true,"href":"https:\/\/irankiuzona.lt\/ru\/wp-json\/wp\/v2\/product_tag?post=295957"}],"curies":[{"name":"wp","href":"https:\/\/api.w.org\/{rel}","templated":true}]}}