{"id":295984,"date":"2024-09-29T08:20:53","date_gmt":"2024-09-29T08:20:53","guid":{"rendered":"https:\/\/irankiuzona.lt\/product\/uzspaudejai-zarneliu-nuo-skyscio-pratekejimo\/"},"modified":"2026-05-10T02:39:30","modified_gmt":"2026-05-10T02:39:30","slug":"uzspaudejai-zarneliu-nuo-skyscio-pratekejimo","status":"publish","type":"product","link":"https:\/\/irankiuzona.lt\/ru\/product\/uzspaudejai-zarneliu-nuo-skyscio-pratekejimo\/","title":{"rendered":"U\u017espaud\u0117jai \u017earneli\u0173, nuo skys\u010dio pratek\u0117jimo"},"content":{"rendered":"<p>Skirta: stabd\u017ei\u0173 vamzdeliams, kuro sistemos linijoms, oro kondicionieriaus sistemai.Skirta 3\/8 \u201d- 5\/16\u201d &#8211; 1\/2 \u201dlinijoms.<\/p>","protected":false},"excerpt":{"rendered":"<p>U\u017espaud\u0117jai \u017earneli\u0173, nuo skys\u010dio pratek\u0117jimo\/\u00a0 3\/8 1\/2 5\/16<\/p>","protected":false},"featured_media":295986,"comment_status":"open","ping_status":"open","template":"","meta":[],"product_cat":[9534],"product_tag":[9778],"class_list":{"0":"post-295984","1":"product","2":"type-product","3":"status-publish","4":"has-post-thumbnail","6":"product_brand-triumf-professional-tools-slovakija","7":"product_cat-stabdziu-remonto-nuorinimo-irankiai","8":"product_tag-triumf-professional-tools-slovakija","10":"first","11":"outofstock","12":"purchasable","13":"product-type-simple"},"jetpack_sharing_enabled":true,"_links":{"self":[{"href":"https:\/\/irankiuzona.lt\/ru\/wp-json\/wp\/v2\/product\/295984","targetHints":{"allow":["GET"]}}],"collection":[{"href":"https:\/\/irankiuzona.lt\/ru\/wp-json\/wp\/v2\/product"}],"about":[{"href":"https:\/\/irankiuzona.lt\/ru\/wp-json\/wp\/v2\/types\/product"}],"replies":[{"embeddable":true,"href":"https:\/\/irankiuzona.lt\/ru\/wp-json\/wp\/v2\/comments?post=295984"}],"version-history":[{"count":1,"href":"https:\/\/irankiuzona.lt\/ru\/wp-json\/wp\/v2\/product\/295984\/revisions"}],"predecessor-version":[{"id":417765,"href":"https:\/\/irankiuzona.lt\/ru\/wp-json\/wp\/v2\/product\/295984\/revisions\/417765"}],"wp:featuredmedia":[{"embeddable":true,"href":"https:\/\/irankiuzona.lt\/ru\/wp-json\/wp\/v2\/media\/295986"}],"wp:attachment":[{"href":"https:\/\/irankiuzona.lt\/ru\/wp-json\/wp\/v2\/media?parent=295984"}],"wp:term":[{"taxonomy":"product_cat","embeddable":true,"href":"https:\/\/irankiuzona.lt\/ru\/wp-json\/wp\/v2\/product_cat?post=295984"},{"taxonomy":"product_tag","embeddable":true,"href":"https:\/\/irankiuzona.lt\/ru\/wp-json\/wp\/v2\/product_tag?post=295984"}],"curies":[{"name":"wp","href":"https:\/\/api.w.org\/{rel}","templated":true}]}}