{"id":296023,"date":"2024-09-29T08:20:56","date_gmt":"2024-09-29T08:20:56","guid":{"rendered":"https:\/\/irankiuzona.lt\/product\/suvirinimo-elektroninis-skydelis-su-automatiskai-tamsejanciu-filtru\/"},"modified":"2025-04-29T18:20:24","modified_gmt":"2025-04-29T18:20:24","slug":"suvirinimo-elektroninis-skydelis-su-automatiskai-tamsejanciu-filtru","status":"publish","type":"product","link":"https:\/\/irankiuzona.lt\/ru\/product\/suvirinimo-elektroninis-skydelis-su-automatiskai-tamsejanciu-filtru\/","title":{"rendered":"Suvirinimo elektroninis skydelis su automati\u0161kai tams\u0117jan\u010diu filtru"},"content":{"rendered":"<p>Optin\u0117 klas\u0117 1\/1\/1\/1<br \/>\nMatymo laukas 100x60mm<br \/>\n\u0160viesos filtro kas\u0117t\u0117s matmenys 110x90x9mm<br \/>\nApsauginio stiklo dydis viduje 99,6x63mm<br \/>\nApsauginis stiklo dydis i\u0161or\u0117je 115,2x104mm<br \/>\nLanko jutikliai &#8211; 4<br \/>\n\u0160viesos i\u0161d\u0117stymas DIN 4<br \/>\nTamsinimas (sklandus reguliavimas, i\u0161orinis reguliavimas) [DIN] 4\/5 ~ 8\/9 ~ 13<br \/>\nAutomatinis \u012fjungimas \/ i\u0161jungimas<br \/>\n\u0160viesos jautrumo reguliavimas (sklandus\/ i\u0161orinis reguliavimas) \u017eemas (MIN) ~ didelis (MAX)<br \/>\nApsauga UV \/ IR [DIN] 16<br \/>\nElektros energijos tiekimas &#8211;\u00a0Saul\u0117s energija ir 1 baterija CR2450<br \/>\nPerjungimo laikas 1\/30. 000s<br \/>\nSul\u0117tinimas (\u0161viesinimui)\u00a00.1-1.0s<br \/>\nTIG suvirinimas &#8211; ma\u017eiausia suvirinimo srov\u0117 [A] \u2265 3 (DC), \u2265 3 (AC)<br \/>\n\u0160lifavimo re\u017eimas- TAIP<br \/>\n\u012esp\u0117jimas d\u0117 baterijos i\u0161sikrovimo &#8211; TAIP<br \/>\nDarbin\u0117 temperat\u016bra\u00a0-10 \u2103 ~ + 50 \u2103<br \/>\nSvoris 580g<br \/>\nI\u0161matavimai 230x265x268mm<\/p>\n","protected":false},"excerpt":{"rendered":"<p>Suvirinimo elektroninis skydelis su automati\u0161kai tams\u0117jan\u010diu filtru PROFI<\/p>","protected":false},"featured_media":296025,"comment_status":"open","ping_status":"open","template":"","meta":[],"product_cat":[9893],"product_tag":[],"class_list":{"0":"post-296023","1":"product","2":"type-product","3":"status-publish","4":"has-post-thumbnail","6":"product_cat-suvirinimo-iranga","8":"first","9":"outofstock","10":"purchasable","11":"product-type-simple"},"jetpack_sharing_enabled":true,"_links":{"self":[{"href":"https:\/\/irankiuzona.lt\/ru\/wp-json\/wp\/v2\/product\/296023","targetHints":{"allow":["GET"]}}],"collection":[{"href":"https:\/\/irankiuzona.lt\/ru\/wp-json\/wp\/v2\/product"}],"about":[{"href":"https:\/\/irankiuzona.lt\/ru\/wp-json\/wp\/v2\/types\/product"}],"replies":[{"embeddable":true,"href":"https:\/\/irankiuzona.lt\/ru\/wp-json\/wp\/v2\/comments?post=296023"}],"version-history":[{"count":0,"href":"https:\/\/irankiuzona.lt\/ru\/wp-json\/wp\/v2\/product\/296023\/revisions"}],"wp:featuredmedia":[{"embeddable":true,"href":"https:\/\/irankiuzona.lt\/ru\/wp-json\/wp\/v2\/media\/296025"}],"wp:attachment":[{"href":"https:\/\/irankiuzona.lt\/ru\/wp-json\/wp\/v2\/media?parent=296023"}],"wp:term":[{"taxonomy":"product_cat","embeddable":true,"href":"https:\/\/irankiuzona.lt\/ru\/wp-json\/wp\/v2\/product_cat?post=296023"},{"taxonomy":"product_tag","embeddable":true,"href":"https:\/\/irankiuzona.lt\/ru\/wp-json\/wp\/v2\/product_tag?post=296023"}],"curies":[{"name":"wp","href":"https:\/\/api.w.org\/{rel}","templated":true}]}}